{"id":24009,"date":"2020-03-02T19:51:22","date_gmt":"2020-03-02T16:51:22","guid":{"rendered":"https:\/\/omrantrk.com\/frequently-asked-questions\/"},"modified":"2025-08-30T17:37:41","modified_gmt":"2025-08-30T14:37:41","slug":"frequently-asked-questions","status":"publish","type":"page","link":"https:\/\/omrantrk.com\/tr\/frequently-asked-questions\/","title":{"rendered":"S\u0131k\u00e7a Sorulan Sorular"},"content":{"rendered":"\t\t<div data-elementor-type=\"wp-page\" data-elementor-id=\"24009\" class=\"elementor elementor-24009 elementor-17124\" data-elementor-post-type=\"page\">\n\t\t\t\t<div class=\"elementor-element elementor-element-ad517c4 animated-slow e-flex e-con-boxed elementor-invisible e-con e-parent\" data-id=\"ad517c4\" data-element_type=\"container\" data-settings=\"{&quot;background_background&quot;:&quot;classic&quot;,&quot;animation&quot;:&quot;fadeIn&quot;}\">\n\t\t\t\t\t<div class=\"e-con-inner\">\n\t\t<div class=\"elementor-element elementor-element-673274b e-con-full e-flex e-con e-child\" data-id=\"673274b\" data-element_type=\"container\">\n\t\t\t\t<div class=\"elementor-element elementor-element-8f6aae8 elementor-invisible elementor-widget elementor-widget-heading\" data-id=\"8f6aae8\" data-element_type=\"widget\" data-settings=\"{&quot;_animation&quot;:&quot;fadeInDown&quot;}\" data-widget_type=\"heading.default\">\n\t\t\t\t\t<h1 class=\"elementor-heading-title elementor-size-default\">S\u0131k\u00e7a Sorulan Sorular<\/h1>\t\t\t\t<\/div>\n\t\t\t\t<\/div>\n\t\t\t\t\t<\/div>\n\t\t\t\t<\/div>\n\t\t\t\t<section class=\"elementor-section elementor-top-section elementor-element elementor-element-80b83e6 elementor-section-boxed elementor-section-height-default elementor-section-height-default\" data-id=\"80b83e6\" data-element_type=\"section\">\n\t\t\t\t\t\t<div class=\"elementor-container elementor-column-gap-default\">\n\t\t\t\t\t<div class=\"elementor-column elementor-col-100 elementor-top-column elementor-element elementor-element-d81f7b0\" data-id=\"d81f7b0\" data-element_type=\"column\">\n\t\t\t<div class=\"elementor-widget-wrap elementor-element-populated\">\n\t\t\t\t\t\t<div class=\"elementor-element elementor-element-b821fdc elementor-widget elementor-widget-spacer\" data-id=\"b821fdc\" data-element_type=\"widget\" data-widget_type=\"spacer.default\">\n\t\t\t\t\t\t\t<div class=\"elementor-spacer\">\n\t\t\t<div class=\"elementor-spacer-inner\"><\/div>\n\t\t<\/div>\n\t\t\t\t\t\t<\/div>\n\t\t\t\t<div class=\"elementor-element elementor-element-da993d4 elementor-widget-divider--view-line elementor-widget elementor-widget-divider\" data-id=\"da993d4\" data-element_type=\"widget\" data-widget_type=\"divider.default\">\n\t\t\t\t\t\t\t<div class=\"elementor-divider\">\n\t\t\t<span class=\"elementor-divider-separator\">\n\t\t\t\t\t\t<\/span>\n\t\t<\/div>\n\t\t\t\t\t\t<\/div>\n\t\t\t\t<div class=\"elementor-element elementor-element-972621e elementor-widget elementor-widget-heading\" data-id=\"972621e\" data-element_type=\"widget\" data-widget_type=\"heading.default\">\n\t\t\t\t\t<h3 class=\"elementor-heading-title elementor-size-default\">Yalova Hakk\u0131nda Sorular<\/h3>\t\t\t\t<\/div>\n\t\t\t\t<div class=\"elementor-element elementor-element-67482d3 elementor-widget elementor-widget-spacer\" data-id=\"67482d3\" data-element_type=\"widget\" data-widget_type=\"spacer.default\">\n\t\t\t\t\t\t\t<div class=\"elementor-spacer\">\n\t\t\t<div class=\"elementor-spacer-inner\"><\/div>\n\t\t<\/div>\n\t\t\t\t\t\t<\/div>\n\t\t\t\t<div class=\"elementor-element elementor-element-3a746e2 elementor-widget elementor-widget-accordion\" data-id=\"3a746e2\" data-element_type=\"widget\" data-widget_type=\"accordion.default\">\n\t\t\t\t\t\t\t<div class=\"elementor-accordion\">\n\t\t\t\t\t\t\t<div class=\"elementor-accordion-item\">\n\t\t\t\t\t<div id=\"elementor-tab-title-6121\" class=\"elementor-tab-title\" data-tab=\"1\" role=\"button\" aria-controls=\"elementor-tab-content-6121\" aria-expanded=\"false\">\n\t\t\t\t\t\t\t\t\t\t\t\t\t<span class=\"elementor-accordion-icon elementor-accordion-icon-left\" aria-hidden=\"true\">\n\t\t\t\t\t\t\t\t\t\t\t\t\t\t\t<span class=\"elementor-accordion-icon-closed\"><svg class=\"e-font-icon-svg e-fas-chevron-down\" viewBox=\"0 0 448 512\" xmlns=\"http:\/\/www.w3.org\/2000\/svg\"><path d=\"M207.029 381.476L12.686 187.132c-9.373-9.373-9.373-24.569 0-33.941l22.667-22.667c9.357-9.357 24.522-9.375 33.901-.04L224 284.505l154.745-154.021c9.379-9.335 24.544-9.317 33.901.04l22.667 22.667c9.373 9.373 9.373 24.569 0 33.941L240.971 381.476c-9.373 9.372-24.569 9.372-33.942 0z\"><\/path><\/svg><\/span>\n\t\t\t\t\t\t\t\t<span class=\"elementor-accordion-icon-opened\"><svg class=\"e-font-icon-svg e-fas-minus\" viewBox=\"0 0 448 512\" xmlns=\"http:\/\/www.w3.org\/2000\/svg\"><path d=\"M416 208H32c-17.67 0-32 14.33-32 32v32c0 17.67 14.33 32 32 32h384c17.67 0 32-14.33 32-32v-32c0-17.67-14.33-32-32-32z\"><\/path><\/svg><\/span>\n\t\t\t\t\t\t\t\t\t\t\t\t\t\t<\/span>\n\t\t\t\t\t\t\t\t\t\t\t\t<a class=\"elementor-accordion-title\" tabindex=\"0\">Yalova, \u0130stanbul\u2019a ne kadar uzak?<\/a>\n\t\t\t\t\t<\/div>\n\t\t\t\t\t<div id=\"elementor-tab-content-6121\" class=\"elementor-tab-content elementor-clearfix\" data-tab=\"1\" role=\"region\" aria-labelledby=\"elementor-tab-title-6121\"><p data-start=\"58\" data-end=\"177\">Yalova, g\u00fczerg\u00e2ha ba\u011fl\u0131 olarak \u0130stanbul\u2019a yakla\u015f\u0131k <strong data-start=\"149\" data-end=\"161\">60\u201390 km<\/strong> uzakl\u0131ktad\u0131r:<\/p><p data-start=\"179\" data-end=\"255\">\ud83d\ude97 <strong data-start=\"182\" data-end=\"195\">Arabayla:<\/strong> Yakla\u015f\u0131k 45 dakika<br data-start=\"214\" data-end=\"217\" \/>\u26f4\ufe0f <strong data-start=\"220\" data-end=\"234\">Feribotla:<\/strong> Yakla\u015f\u0131k 90 dakika<\/p><\/div>\n\t\t\t\t<\/div>\n\t\t\t\t\t\t\t<div class=\"elementor-accordion-item\">\n\t\t\t\t\t<div id=\"elementor-tab-title-6122\" class=\"elementor-tab-title\" data-tab=\"2\" role=\"button\" aria-controls=\"elementor-tab-content-6122\" aria-expanded=\"false\">\n\t\t\t\t\t\t\t\t\t\t\t\t\t<span class=\"elementor-accordion-icon elementor-accordion-icon-left\" aria-hidden=\"true\">\n\t\t\t\t\t\t\t\t\t\t\t\t\t\t\t<span class=\"elementor-accordion-icon-closed\"><svg class=\"e-font-icon-svg e-fas-chevron-down\" viewBox=\"0 0 448 512\" xmlns=\"http:\/\/www.w3.org\/2000\/svg\"><path d=\"M207.029 381.476L12.686 187.132c-9.373-9.373-9.373-24.569 0-33.941l22.667-22.667c9.357-9.357 24.522-9.375 33.901-.04L224 284.505l154.745-154.021c9.379-9.335 24.544-9.317 33.901.04l22.667 22.667c9.373 9.373 9.373 24.569 0 33.941L240.971 381.476c-9.373 9.372-24.569 9.372-33.942 0z\"><\/path><\/svg><\/span>\n\t\t\t\t\t\t\t\t<span class=\"elementor-accordion-icon-opened\"><svg class=\"e-font-icon-svg e-fas-minus\" viewBox=\"0 0 448 512\" xmlns=\"http:\/\/www.w3.org\/2000\/svg\"><path d=\"M416 208H32c-17.67 0-32 14.33-32 32v32c0 17.67 14.33 32 32 32h384c17.67 0 32-14.33 32-32v-32c0-17.67-14.33-32-32-32z\"><\/path><\/svg><\/span>\n\t\t\t\t\t\t\t\t\t\t\t\t\t\t<\/span>\n\t\t\t\t\t\t\t\t\t\t\t\t<a class=\"elementor-accordion-title\" tabindex=\"0\">Yalova\u2019n\u0131n iklimi nas\u0131ld\u0131r?<\/a>\n\t\t\t\t\t<\/div>\n\t\t\t\t\t<div id=\"elementor-tab-content-6122\" class=\"elementor-tab-content elementor-clearfix\" data-tab=\"2\" role=\"region\" aria-labelledby=\"elementor-tab-title-6122\"><p data-start=\"262\" data-end=\"498\">Yalova y\u0131l boyunca \u0131l\u0131man ve konforlu bir iklime sahiptir. Serinletici deniz meltemleri, yemye\u015fil ormanlar ve da\u011f manzaralar\u0131yla birle\u015ferek ya\u015fam, yat\u0131r\u0131m ve dinlenme i\u00e7in ideal bir destinasyon sunar.<\/p><p data-start=\"500\" data-end=\"614\">\u2600\ufe0f <strong data-start=\"503\" data-end=\"511\">Yaz:<\/strong> S\u0131cak ve nemli, s\u0131cakl\u0131k 25 \u2013 32\u00b0C aras\u0131nda de\u011fi\u015fir. Turizm ve a\u00e7\u0131k hava aktiviteleri i\u00e7in idealdir.<\/p><p data-start=\"616\" data-end=\"728\">\u2744\ufe0f <strong data-start=\"619\" data-end=\"627\">K\u0131\u015f:<\/strong> Il\u0131man ve serin, s\u0131cakl\u0131k 5 \u2013 12\u00b0C aras\u0131nda. Zaman zaman ya\u011f\u0131\u015fl\u0131d\u0131r ve nadiren kar ya\u011f\u0131\u015f\u0131 g\u00f6r\u00fcl\u00fcr.<\/p><p data-start=\"730\" data-end=\"844\">\ud83c\udf38 <strong data-start=\"733\" data-end=\"757\">\u0130lkbahar &amp; Sonbahar:<\/strong> En g\u00fczel mevsimlerdir; ferah havas\u0131 ve b\u00fcy\u00fcleyici do\u011fal manzaralar\u0131yla dikkat \u00e7eker.<\/p><p data-start=\"846\" data-end=\"926\">\u2728 Yalova\u2019da her mevsim farkl\u0131 bir ya\u015fam tarz\u0131 ve unutulmaz bir g\u00fczellik sunar.<\/p><\/div>\n\t\t\t\t<\/div>\n\t\t\t\t\t\t\t<div class=\"elementor-accordion-item\">\n\t\t\t\t\t<div id=\"elementor-tab-title-6123\" class=\"elementor-tab-title\" data-tab=\"3\" role=\"button\" aria-controls=\"elementor-tab-content-6123\" aria-expanded=\"false\">\n\t\t\t\t\t\t\t\t\t\t\t\t\t<span class=\"elementor-accordion-icon elementor-accordion-icon-left\" aria-hidden=\"true\">\n\t\t\t\t\t\t\t\t\t\t\t\t\t\t\t<span class=\"elementor-accordion-icon-closed\"><svg class=\"e-font-icon-svg e-fas-chevron-down\" viewBox=\"0 0 448 512\" xmlns=\"http:\/\/www.w3.org\/2000\/svg\"><path d=\"M207.029 381.476L12.686 187.132c-9.373-9.373-9.373-24.569 0-33.941l22.667-22.667c9.357-9.357 24.522-9.375 33.901-.04L224 284.505l154.745-154.021c9.379-9.335 24.544-9.317 33.901.04l22.667 22.667c9.373 9.373 9.373 24.569 0 33.941L240.971 381.476c-9.373 9.372-24.569 9.372-33.942 0z\"><\/path><\/svg><\/span>\n\t\t\t\t\t\t\t\t<span class=\"elementor-accordion-icon-opened\"><svg class=\"e-font-icon-svg e-fas-minus\" viewBox=\"0 0 448 512\" xmlns=\"http:\/\/www.w3.org\/2000\/svg\"><path d=\"M416 208H32c-17.67 0-32 14.33-32 32v32c0 17.67 14.33 32 32 32h384c17.67 0 32-14.33 32-32v-32c0-17.67-14.33-32-32-32z\"><\/path><\/svg><\/span>\n\t\t\t\t\t\t\t\t\t\t\t\t\t\t<\/span>\n\t\t\t\t\t\t\t\t\t\t\t\t<a class=\"elementor-accordion-title\" tabindex=\"0\">Yalova\u2019da gezilecek en g\u00fczel yerler nelerdir?<\/a>\n\t\t\t\t\t<\/div>\n\t\t\t\t\t<div id=\"elementor-tab-content-6123\" class=\"elementor-tab-content elementor-clearfix\" data-tab=\"3\" role=\"region\" aria-labelledby=\"elementor-tab-title-6123\"><p data-start=\"986\" data-end=\"1121\">\ud83d\udccd <strong data-start=\"989\" data-end=\"1000\">Termal:<\/strong> Do\u011fal kapl\u0131calar\u0131 ve T\u00fcrkiye\u2019nin en \u00fcnl\u00fc sa\u011fl\u0131k merkezine ev sahipli\u011fi yapar\u2014dinlenme ve sa\u011fl\u0131k turizmi i\u00e7in idealdir.<\/p><p data-start=\"1123\" data-end=\"1232\">\ud83d\udccd <strong data-start=\"1126\" data-end=\"1149\">Sud\u00fc\u015fen \u015eelaleleri:<\/strong> S\u0131k ormanlarla \u00e7evrili muhte\u015fem \u015felaleler, \u0130stanbul\u2019a yak\u0131n gizli bir cennettir.<\/p><p data-start=\"1234\" data-end=\"1353\">\ud83d\udccd <strong data-start=\"1237\" data-end=\"1256\">\u00c7\u0131narc\u0131k Plaj\u0131:<\/strong> Muhte\u015fem deniz manzaral\u0131 kumlu plaj, yaz tatilleri ve gayrimenkul yat\u0131r\u0131mlar\u0131 i\u00e7in pop\u00fclerdir.<\/p><p data-start=\"1355\" data-end=\"1460\">\ud83d\udccd <strong data-start=\"1358\" data-end=\"1375\">Y\u00fcr\u00fcyen K\u00f6\u015fk:<\/strong> Marmara k\u0131y\u0131s\u0131nda yer alan tarihi bir simge, \u015fehrin k\u00fclt\u00fcrel miras\u0131n\u0131 temsil eder.<\/p><p data-start=\"1462\" data-end=\"1607\">\ud83d\udccd <strong data-start=\"1465\" data-end=\"1483\">Hersek Lag\u00fcn\u00fc:<\/strong> Ku\u015f g\u00f6zlemcileri ve foto\u011fraf\u00e7\u0131lar i\u00e7in m\u00fckemmel bir do\u011fa alan\u0131; flamingolar ve \u00e7e\u015fitli yaban hayat\u0131na ev sahipli\u011fi yapar.<\/p><p data-start=\"1609\" data-end=\"1707\">\ud83d\udccd <strong data-start=\"1612\" data-end=\"1636\">Te\u015fvikiye Yaylalar\u0131:<\/strong> Yemye\u015fil do\u011fas\u0131yla kamp ve macera severler i\u00e7in adeta bir cennettir.<\/p><p data-start=\"1709\" data-end=\"1791\">\u2728 Yalova\u2019da her k\u00f6\u015fe bir hik\u00e2ye anlat\u0131r\u2014her manzara yeni bir ya\u015fam ilham\u0131 sunar.<\/p><\/div>\n\t\t\t\t<\/div>\n\t\t\t\t\t\t\t<div class=\"elementor-accordion-item\">\n\t\t\t\t\t<div id=\"elementor-tab-title-6124\" class=\"elementor-tab-title\" data-tab=\"4\" role=\"button\" aria-controls=\"elementor-tab-content-6124\" aria-expanded=\"false\">\n\t\t\t\t\t\t\t\t\t\t\t\t\t<span class=\"elementor-accordion-icon elementor-accordion-icon-left\" aria-hidden=\"true\">\n\t\t\t\t\t\t\t\t\t\t\t\t\t\t\t<span class=\"elementor-accordion-icon-closed\"><svg class=\"e-font-icon-svg e-fas-chevron-down\" viewBox=\"0 0 448 512\" xmlns=\"http:\/\/www.w3.org\/2000\/svg\"><path d=\"M207.029 381.476L12.686 187.132c-9.373-9.373-9.373-24.569 0-33.941l22.667-22.667c9.357-9.357 24.522-9.375 33.901-.04L224 284.505l154.745-154.021c9.379-9.335 24.544-9.317 33.901.04l22.667 22.667c9.373 9.373 9.373 24.569 0 33.941L240.971 381.476c-9.373 9.372-24.569 9.372-33.942 0z\"><\/path><\/svg><\/span>\n\t\t\t\t\t\t\t\t<span class=\"elementor-accordion-icon-opened\"><svg class=\"e-font-icon-svg e-fas-minus\" viewBox=\"0 0 448 512\" xmlns=\"http:\/\/www.w3.org\/2000\/svg\"><path d=\"M416 208H32c-17.67 0-32 14.33-32 32v32c0 17.67 14.33 32 32 32h384c17.67 0 32-14.33 32-32v-32c0-17.67-14.33-32-32-32z\"><\/path><\/svg><\/span>\n\t\t\t\t\t\t\t\t\t\t\t\t\t\t<\/span>\n\t\t\t\t\t\t\t\t\t\t\t\t<a class=\"elementor-accordion-title\" tabindex=\"0\">Yalova\u2019n\u0131n avantajlar\u0131 nelerdir?<\/a>\n\t\t\t\t\t<\/div>\n\t\t\t\t\t<div id=\"elementor-tab-content-6124\" class=\"elementor-tab-content elementor-clearfix\" data-tab=\"4\" role=\"region\" aria-labelledby=\"elementor-tab-title-6124\"><p data-start=\"1838\" data-end=\"1906\">\u2728 <strong data-start=\"1840\" data-end=\"1904\">Yalova: Stratejik Konum ile Do\u011fal G\u00fczelli\u011fin Bulu\u015fma Noktas\u0131<\/strong><\/p><p data-start=\"1908\" data-end=\"2189\">Yalova\u2019n\u0131n \u0130stanbul\u2019a yak\u0131nl\u0131\u011f\u0131, buray\u0131 ya\u015fam ve yat\u0131r\u0131m i\u00e7in \u00f6ne \u00e7\u0131kan bir \u015fehir yapmaktad\u0131r. Modern altyap\u0131s\u0131, uygun fiyatl\u0131 gayrimenkul se\u00e7enekleri ve muhte\u015fem do\u011fal g\u00fczelliklerle zenginle\u015fen \u0131l\u0131man iklimiyle hem emlak hem de turizm f\u0131rsatlar\u0131 a\u00e7\u0131s\u0131ndan e\u015fsiz bir de\u011fer sunar.<\/p><\/div>\n\t\t\t\t<\/div>\n\t\t\t\t\t\t\t<div class=\"elementor-accordion-item\">\n\t\t\t\t\t<div id=\"elementor-tab-title-6125\" class=\"elementor-tab-title\" data-tab=\"5\" role=\"button\" aria-controls=\"elementor-tab-content-6125\" aria-expanded=\"false\">\n\t\t\t\t\t\t\t\t\t\t\t\t\t<span class=\"elementor-accordion-icon elementor-accordion-icon-left\" aria-hidden=\"true\">\n\t\t\t\t\t\t\t\t\t\t\t\t\t\t\t<span class=\"elementor-accordion-icon-closed\"><svg class=\"e-font-icon-svg e-fas-chevron-down\" viewBox=\"0 0 448 512\" xmlns=\"http:\/\/www.w3.org\/2000\/svg\"><path d=\"M207.029 381.476L12.686 187.132c-9.373-9.373-9.373-24.569 0-33.941l22.667-22.667c9.357-9.357 24.522-9.375 33.901-.04L224 284.505l154.745-154.021c9.379-9.335 24.544-9.317 33.901.04l22.667 22.667c9.373 9.373 9.373 24.569 0 33.941L240.971 381.476c-9.373 9.372-24.569 9.372-33.942 0z\"><\/path><\/svg><\/span>\n\t\t\t\t\t\t\t\t<span class=\"elementor-accordion-icon-opened\"><svg class=\"e-font-icon-svg e-fas-minus\" viewBox=\"0 0 448 512\" xmlns=\"http:\/\/www.w3.org\/2000\/svg\"><path d=\"M416 208H32c-17.67 0-32 14.33-32 32v32c0 17.67 14.33 32 32 32h384c17.67 0 32-14.33 32-32v-32c0-17.67-14.33-32-32-32z\"><\/path><\/svg><\/span>\n\t\t\t\t\t\t\t\t\t\t\t\t\t\t<\/span>\n\t\t\t\t\t\t\t\t\t\t\t\t<a class=\"elementor-accordion-title\" tabindex=\"0\">T\u00fcrkiye\u2019de defin i\u015flemleri nelerdir?<\/a>\n\t\t\t\t\t<\/div>\n\t\t\t\t\t<div id=\"elementor-tab-content-6125\" class=\"elementor-tab-content elementor-clearfix\" data-tab=\"5\" role=\"region\" aria-labelledby=\"elementor-tab-title-6125\"><p class=\"ds-markdown-paragraph\">Defin i\u015flemleri, ilgili makamlara bildirim yap\u0131larak \u00f6l\u00fcm belgesi al\u0131nmas\u0131yla ba\u015flar. Ard\u0131ndan belediyeden defin ruhsat\u0131 temin edilir. Belediye, mezar haz\u0131rl\u0131\u011f\u0131 da dahil olmak \u00fczere t\u00fcm i\u015flemleri \u00fcstlenir ve t\u00fcm masraflar\u0131 kar\u015f\u0131lar. Bu s\u00fcre\u00e7 yerel yasalara uygun olarak ve resmi g\u00f6zetim alt\u0131nda ger\u00e7ekle\u015ftirilir; b\u00f6ylece sayg\u0131l\u0131, kolay ve sorunsuz bir \u015fekilde tamamlan\u0131r.<\/p><\/div>\n\t\t\t\t<\/div>\n\t\t\t\t\t\t\t\t<\/div>\n\t\t\t\t\t\t<\/div>\n\t\t\t\t<div class=\"elementor-element elementor-element-583adce elementor-widget elementor-widget-spacer\" data-id=\"583adce\" data-element_type=\"widget\" data-widget_type=\"spacer.default\">\n\t\t\t\t\t\t\t<div class=\"elementor-spacer\">\n\t\t\t<div class=\"elementor-spacer-inner\"><\/div>\n\t\t<\/div>\n\t\t\t\t\t\t<\/div>\n\t\t\t\t\t<\/div>\n\t\t<\/div>\n\t\t\t\t\t<\/div>\n\t\t<\/section>\n\t\t\t\t<\/div>\n\t\t","protected":false},"excerpt":{"rendered":"<p>S\u0131k\u00e7a Sorulan Sorular Yalova Hakk\u0131nda Sorular Yalova, \u0130stanbul\u2019a ne kadar uzak? Yalova, g\u00fczerg\u00e2ha ba\u011fl\u0131 olarak \u0130stanbul\u2019a yakla\u015f\u0131k 60\u201390 km uzakl\u0131ktad\u0131r: \ud83d\ude97 Arabayla: Yakla\u015f\u0131k 45 dakika\u26f4\ufe0f Feribotla: Yakla\u015f\u0131k 90 dakika Yalova\u2019n\u0131n iklimi nas\u0131ld\u0131r? Yalova y\u0131l boyunca \u0131l\u0131man ve konforlu bir iklime sahiptir. Serinletici deniz meltemleri, yemye\u015fil ormanlar ve da\u011f manzaralar\u0131yla birle\u015ferek ya\u015fam, yat\u0131r\u0131m ve dinlenme i\u00e7in [&hellip;]<\/p>\n","protected":false},"author":1,"featured_media":0,"parent":0,"menu_order":0,"comment_status":"closed","ping_status":"closed","template":"template\/template-homepage.php","meta":{"_seopress_robots_primary_cat":"","_seopress_titles_title":"","_seopress_titles_desc":"","_seopress_robots_index":"","footnotes":""},"class_list":["post-24009","page","type-page","status-publish","hentry"],"_hostinger_reach_plugin_has_subscription_block":false,"_hostinger_reach_plugin_is_elementor":false,"_links":{"self":[{"href":"https:\/\/omrantrk.com\/tr\/wp-json\/wp\/v2\/pages\/24009","targetHints":{"allow":["GET"]}}],"collection":[{"href":"https:\/\/omrantrk.com\/tr\/wp-json\/wp\/v2\/pages"}],"about":[{"href":"https:\/\/omrantrk.com\/tr\/wp-json\/wp\/v2\/types\/page"}],"author":[{"embeddable":true,"href":"https:\/\/omrantrk.com\/tr\/wp-json\/wp\/v2\/users\/1"}],"replies":[{"embeddable":true,"href":"https:\/\/omrantrk.com\/tr\/wp-json\/wp\/v2\/comments?post=24009"}],"version-history":[{"count":10,"href":"https:\/\/omrantrk.com\/tr\/wp-json\/wp\/v2\/pages\/24009\/revisions"}],"predecessor-version":[{"id":24038,"href":"https:\/\/omrantrk.com\/tr\/wp-json\/wp\/v2\/pages\/24009\/revisions\/24038"}],"wp:attachment":[{"href":"https:\/\/omrantrk.com\/tr\/wp-json\/wp\/v2\/media?parent=24009"}],"curies":[{"name":"wp","href":"https:\/\/api.w.org\/{rel}","templated":true}]}}