{"id":21253,"date":"2025-07-19T01:02:27","date_gmt":"2025-07-18T22:02:27","guid":{"rendered":"https:\/\/omrantrk.com\/blog\/"},"modified":"2025-08-30T16:36:48","modified_gmt":"2025-08-30T13:36:48","slug":"blog","status":"publish","type":"page","link":"https:\/\/omrantrk.com\/tr\/blog\/","title":{"rendered":"Blog"},"content":{"rendered":"\t\t<div data-elementor-type=\"wp-page\" data-elementor-id=\"21253\" class=\"elementor elementor-21253 elementor-21243\" data-elementor-post-type=\"page\">\n\t\t\t\t<div class=\"elementor-element elementor-element-31f39f7 e-flex e-con-boxed e-con e-parent\" data-id=\"31f39f7\" data-element_type=\"container\">\n\t\t\t\t\t<div class=\"e-con-inner\">\n\t\t<div class=\"elementor-element elementor-element-0d48c88 e-con-full e-flex e-con e-child\" data-id=\"0d48c88\" data-element_type=\"container\">\n\t\t\t\t<div class=\"elementor-element elementor-element-aa2aed7 elementor-grid-3 elementor-grid-tablet-2 elementor-grid-mobile-1 elementor-posts--thumbnail-top elementor-card-shadow-yes elementor-posts__hover-gradient elementor-widget elementor-widget-posts\" data-id=\"aa2aed7\" data-element_type=\"widget\" data-settings=\"{&quot;pagination_type&quot;:&quot;numbers_and_prev_next&quot;,&quot;cards_columns&quot;:&quot;3&quot;,&quot;cards_columns_tablet&quot;:&quot;2&quot;,&quot;cards_columns_mobile&quot;:&quot;1&quot;,&quot;cards_row_gap&quot;:{&quot;unit&quot;:&quot;px&quot;,&quot;size&quot;:35,&quot;sizes&quot;:[]},&quot;cards_row_gap_tablet&quot;:{&quot;unit&quot;:&quot;px&quot;,&quot;size&quot;:&quot;&quot;,&quot;sizes&quot;:[]},&quot;cards_row_gap_mobile&quot;:{&quot;unit&quot;:&quot;px&quot;,&quot;size&quot;:&quot;&quot;,&quot;sizes&quot;:[]}}\" data-widget_type=\"posts.cards\">\n\t\t\t\t<div class=\"elementor-widget-container\">\n\t\t\t\t\t\t\t<div class=\"elementor-posts-container elementor-posts elementor-posts--skin-cards elementor-grid\" role=\"list\">\n\t\t\t\t<article class=\"elementor-post elementor-grid-item post-30184 post type-post status-publish format-standard has-post-thumbnail hentry category-gayrimenkul\" role=\"listitem\">\n\t\t\t<div class=\"elementor-post__card\">\n\t\t\t\t<a class=\"elementor-post__thumbnail__link\" href=\"https:\/\/omrantrk.com\/tr\/istanbul-bolgenin-birinci-finans-merkezi-oluyor-mu-kacirilmayacak-gayrimenkul-yatirim-firsatlari\/\" tabindex=\"-1\" ><div class=\"elementor-post__thumbnail\"><img alt=\"\" decoding=\"async\" width=\"300\" height=\"158\" src=\"https:\/\/omrantrk.com\/wp-content\/uploads\/2026\/04\/Istanbul-Bolgenin-Birinci-Finans-Merkezi-Oluyor-mu.webp\" class=\"attachment-medium size-medium wp-image-30182\" alt=\"\" \/><\/div><\/a>\n\t\t\t\t<div class=\"elementor-post__text\">\n\t\t\t\t<h3 class=\"elementor-post__title\">\n\t\t\t<a href=\"https:\/\/omrantrk.com\/tr\/istanbul-bolgenin-birinci-finans-merkezi-oluyor-mu-kacirilmayacak-gayrimenkul-yatirim-firsatlari\/\" >\n\t\t\t\t\u0130stanbul B\u00f6lgenin Birinci Finans Merkezi Oluyor mu? Ka\u00e7\u0131r\u0131lmayacak Gayrimenkul Yat\u0131r\u0131m F\u0131rsatlar\u0131\t\t\t<\/a>\n\t\t<\/h3>\n\t\t\t\t<\/div>\n\t\t\t\t<div class=\"elementor-post__meta-data\">\n\t\t\t\t\t<span class=\"elementor-post-date\">\n\t\t\tNisan 9, 2026\t\t<\/span>\n\t\t\t\t<span class=\"elementor-post-avatar\">\n\t\t\tYorum yap\u0131lmam\u0131\u015f\t\t<\/span>\n\t\t\t\t<\/div>\n\t\t\t\t\t<\/div>\n\t\t<\/article>\n\t\t\t\t<article class=\"elementor-post elementor-grid-item post-30171 post type-post status-publish format-standard has-post-thumbnail hentry category-haber\" role=\"listitem\">\n\t\t\t<div class=\"elementor-post__card\">\n\t\t\t\t<a class=\"elementor-post__thumbnail__link\" href=\"https:\/\/omrantrk.com\/tr\/korfez-ile-turkiye-ve-avrupa-arasinda-yeni-kara-koridoru-kuresel-ticareti-nasil-yeniden-sekillendirecek\/\" tabindex=\"-1\" ><div class=\"elementor-post__thumbnail\"><img alt=\"\" fetchpriority=\"high\" decoding=\"async\" width=\"300\" height=\"200\" src=\"https:\/\/omrantrk.com\/wp-content\/uploads\/2026\/04\/New_Trade_Corridor-1.webp\" class=\"attachment-medium size-medium wp-image-30161\" alt=\"\" srcset=\"https:\/\/omrantrk.com\/wp-content\/uploads\/2026\/04\/New_Trade_Corridor-1.webp 1248w, https:\/\/omrantrk.com\/wp-content\/uploads\/2026\/04\/New_Trade_Corridor-1-1170x785.webp 1170w\" sizes=\"(max-width: 300px) 100vw, 300px\" \/><\/div><\/a>\n\t\t\t\t<div class=\"elementor-post__text\">\n\t\t\t\t<h3 class=\"elementor-post__title\">\n\t\t\t<a href=\"https:\/\/omrantrk.com\/tr\/korfez-ile-turkiye-ve-avrupa-arasinda-yeni-kara-koridoru-kuresel-ticareti-nasil-yeniden-sekillendirecek\/\" >\n\t\t\t\tK\u00f6rfez ile T\u00fcrkiye ve Avrupa Aras\u0131nda Yeni Kara Koridoru: K\u00fcresel Ticareti Nas\u0131l Yeniden \u015eekillendirecek?\t\t\t<\/a>\n\t\t<\/h3>\n\t\t\t\t<\/div>\n\t\t\t\t<div class=\"elementor-post__meta-data\">\n\t\t\t\t\t<span class=\"elementor-post-date\">\n\t\t\tNisan 7, 2026\t\t<\/span>\n\t\t\t\t<span class=\"elementor-post-avatar\">\n\t\t\tYorum yap\u0131lmam\u0131\u015f\t\t<\/span>\n\t\t\t\t<\/div>\n\t\t\t\t\t<\/div>\n\t\t<\/article>\n\t\t\t\t<article class=\"elementor-post elementor-grid-item post-29948 post type-post status-publish format-standard has-post-thumbnail hentry category-gayrimenkul\" role=\"listitem\">\n\t\t\t<div class=\"elementor-post__card\">\n\t\t\t\t<a class=\"elementor-post__thumbnail__link\" href=\"https:\/\/omrantrk.com\/tr\/2026-turkiye-gayrimenkul-ikameti-sartlar-ve-ikamet-ile-vatandaslik-arasindaki-fark-2\/\" tabindex=\"-1\" ><div class=\"elementor-post__thumbnail\"><img alt=\"\" decoding=\"async\" width=\"300\" height=\"158\" src=\"https:\/\/omrantrk.com\/wp-content\/uploads\/2026\/03\/\u0661\u0661\u0627\u0644\u0627\u0642\u0627\u0645\u0629-\u0627\u0644\u0639\u0642\u0627\u0631\u064a\u0629-\u0641\u064a-\u062a\u0631\u0643\u064a\u0627-\u0662\u0660\u0662\u0666-1.webp\" class=\"attachment-medium size-medium wp-image-29946\" alt=\"\" \/><\/div><\/a>\n\t\t\t\t<div class=\"elementor-post__text\">\n\t\t\t\t<h3 class=\"elementor-post__title\">\n\t\t\t<a href=\"https:\/\/omrantrk.com\/tr\/2026-turkiye-gayrimenkul-ikameti-sartlar-ve-ikamet-ile-vatandaslik-arasindaki-fark-2\/\" >\n\t\t\t\t2026 T\u00fcrkiye Gayrimenkul \u0130kameti: \u015eartlar ve \u0130kamet ile Vatanda\u015fl\u0131k Aras\u0131ndaki Fark\t\t\t<\/a>\n\t\t<\/h3>\n\t\t\t\t<\/div>\n\t\t\t\t<div class=\"elementor-post__meta-data\">\n\t\t\t\t\t<span class=\"elementor-post-date\">\n\t\t\tMart 16, 2026\t\t<\/span>\n\t\t\t\t<span class=\"elementor-post-avatar\">\n\t\t\tYorum yap\u0131lmam\u0131\u015f\t\t<\/span>\n\t\t\t\t<\/div>\n\t\t\t\t\t<\/div>\n\t\t<\/article>\n\t\t\t\t<article class=\"elementor-post elementor-grid-item post-29910 post type-post status-publish format-standard has-post-thumbnail hentry category-gayrimenkul\" role=\"listitem\">\n\t\t\t<div class=\"elementor-post__card\">\n\t\t\t\t<a class=\"elementor-post__thumbnail__link\" href=\"https:\/\/omrantrk.com\/tr\/2026-turkiye-gayrimenkul-ikameti-sartlar-ve-ikamet-ile-vatandaslik-arasindaki-fark\/\" tabindex=\"-1\" ><div class=\"elementor-post__thumbnail\"><img alt=\"\" loading=\"lazy\" decoding=\"async\" width=\"300\" height=\"158\" src=\"https:\/\/omrantrk.com\/wp-content\/uploads\/2026\/03\/\u0627\u0644\u0627\u0642\u0627\u0645\u0629-\u0627\u0644\u0639\u0642\u0627\u0631\u064a\u0629-\u0641\u064a-\u062a\u0631\u0643\u064a\u0627-\u0662\u0660\u0662\u0666-1.webp\" class=\"attachment-medium size-medium wp-image-29908\" alt=\"\" \/><\/div><\/a>\n\t\t\t\t<div class=\"elementor-post__text\">\n\t\t\t\t<h3 class=\"elementor-post__title\">\n\t\t\t<a href=\"https:\/\/omrantrk.com\/tr\/2026-turkiye-gayrimenkul-ikameti-sartlar-ve-ikamet-ile-vatandaslik-arasindaki-fark\/\" >\n\t\t\t\t2026 T\u00fcrkiye Gayrimenkul \u0130kameti: \u015eartlar ve \u0130kamet ile Vatanda\u015fl\u0131k Aras\u0131ndaki Fark\t\t\t<\/a>\n\t\t<\/h3>\n\t\t\t\t<\/div>\n\t\t\t\t<div class=\"elementor-post__meta-data\">\n\t\t\t\t\t<span class=\"elementor-post-date\">\n\t\t\tMart 11, 2026\t\t<\/span>\n\t\t\t\t<span class=\"elementor-post-avatar\">\n\t\t\tYorum yap\u0131lmam\u0131\u015f\t\t<\/span>\n\t\t\t\t<\/div>\n\t\t\t\t\t<\/div>\n\t\t<\/article>\n\t\t\t\t<article class=\"elementor-post elementor-grid-item post-29868 post type-post status-publish format-standard has-post-thumbnail hentry category-gayrimenkul\" role=\"listitem\">\n\t\t\t<div class=\"elementor-post__card\">\n\t\t\t\t<a class=\"elementor-post__thumbnail__link\" href=\"https:\/\/omrantrk.com\/tr\/turkiyede-resmi-banka-uzerinden-gayrimenkul-finansmani-turk-yatirimci-icin-akilli-bir-yatirim-firsati\/\" tabindex=\"-1\" ><div class=\"elementor-post__thumbnail\"><img alt=\"\" loading=\"lazy\" decoding=\"async\" width=\"300\" height=\"158\" src=\"https:\/\/omrantrk.com\/wp-content\/uploads\/2026\/01\/The-Top-10-Mistakes-Buyers-Make-When-Purchasing-an-Apartment-in-Turkey.webp\" class=\"attachment-medium size-medium wp-image-29113\" alt=\"\" \/><\/div><\/a>\n\t\t\t\t<div class=\"elementor-post__text\">\n\t\t\t\t<h3 class=\"elementor-post__title\">\n\t\t\t<a href=\"https:\/\/omrantrk.com\/tr\/turkiyede-resmi-banka-uzerinden-gayrimenkul-finansmani-turk-yatirimci-icin-akilli-bir-yatirim-firsati\/\" >\n\t\t\t\tT\u00fcrkiye\u2019de Resm\u00ee Banka \u00dczerinden Gayrimenkul Finansman\u0131: T\u00fcrk Yat\u0131r\u0131mc\u0131 \u0130\u00e7in Ak\u0131ll\u0131 Bir Yat\u0131r\u0131m F\u0131rsat\u0131\t\t\t<\/a>\n\t\t<\/h3>\n\t\t\t\t<\/div>\n\t\t\t\t<div class=\"elementor-post__meta-data\">\n\t\t\t\t\t<span class=\"elementor-post-date\">\n\t\t\tMart 6, 2026\t\t<\/span>\n\t\t\t\t<span class=\"elementor-post-avatar\">\n\t\t\tYorum yap\u0131lmam\u0131\u015f\t\t<\/span>\n\t\t\t\t<\/div>\n\t\t\t\t\t<\/div>\n\t\t<\/article>\n\t\t\t\t<article class=\"elementor-post elementor-grid-item post-29780 post type-post status-publish format-standard has-post-thumbnail hentry category-gayrimenkul\" role=\"listitem\">\n\t\t\t<div class=\"elementor-post__card\">\n\t\t\t\t<a class=\"elementor-post__thumbnail__link\" href=\"https:\/\/omrantrk.com\/tr\/avrupa-imar-ve-kalkinma-bankasi-turkiye-ekonomisi-icin-2026-buyume-tahminini-4e-yukseltti\/\" tabindex=\"-1\" ><div class=\"elementor-post__thumbnail\"><img alt=\"\" loading=\"lazy\" decoding=\"async\" width=\"300\" height=\"158\" src=\"https:\/\/omrantrk.com\/wp-content\/uploads\/2026\/03\/\u0627\u0644\u0627\u062a\u062d\u0627\u062f-\u0627\u0644\u0627\u0648\u0631\u0648\u0628\u064a-1.webp\" class=\"attachment-medium size-medium wp-image-29778\" alt=\"\" \/><\/div><\/a>\n\t\t\t\t<div class=\"elementor-post__text\">\n\t\t\t\t<h3 class=\"elementor-post__title\">\n\t\t\t<a href=\"https:\/\/omrantrk.com\/tr\/avrupa-imar-ve-kalkinma-bankasi-turkiye-ekonomisi-icin-2026-buyume-tahminini-4e-yukseltti\/\" >\n\t\t\t\tAvrupa \u0130mar ve Kalk\u0131nma Bankas\u0131, T\u00fcrkiye Ekonomisi \u0130\u00e7in 2026 B\u00fcy\u00fcme Tahminini %4\u2019e Y\u00fckseltti\t\t\t<\/a>\n\t\t<\/h3>\n\t\t\t\t<\/div>\n\t\t\t\t<div class=\"elementor-post__meta-data\">\n\t\t\t\t\t<span class=\"elementor-post-date\">\n\t\t\tMart 4, 2026\t\t<\/span>\n\t\t\t\t<span class=\"elementor-post-avatar\">\n\t\t\tYorum yap\u0131lmam\u0131\u015f\t\t<\/span>\n\t\t\t\t<\/div>\n\t\t\t\t\t<\/div>\n\t\t<\/article>\n\t\t\t\t<\/div>\n\t\t\n\t\t\t\t<div class=\"e-load-more-anchor\" data-page=\"1\" data-max-page=\"16\" data-next-page=\"https:\/\/omrantrk.com\/tr\/wp-json\/wp\/v2\/pages\/21253\/page\/2\/\"><\/div>\n\t\t\t\t<nav class=\"elementor-pagination\" aria-label=\"Pagination\">\n\t\t\t<span class=\"page-numbers prev\">&laquo; Previous<\/span>\n<span aria-current=\"page\" class=\"page-numbers current\"><span class=\"elementor-screen-only\">Sayfa<\/span>1<\/span>\n<a class=\"page-numbers\" href=\"https:\/\/omrantrk.com\/tr\/wp-json\/wp\/v2\/pages\/21253\/page\/2\/\"><span class=\"elementor-screen-only\">Sayfa<\/span>2<\/a>\n<a class=\"page-numbers\" href=\"https:\/\/omrantrk.com\/tr\/wp-json\/wp\/v2\/pages\/21253\/page\/3\/\"><span class=\"elementor-screen-only\">Sayfa<\/span>3<\/a>\n<span class=\"page-numbers dots\">&hellip;<\/span>\n<a class=\"page-numbers\" href=\"https:\/\/omrantrk.com\/tr\/wp-json\/wp\/v2\/pages\/21253\/page\/16\/\"><span class=\"elementor-screen-only\">Sayfa<\/span>16<\/a>\n<a class=\"page-numbers next\" href=\"https:\/\/omrantrk.com\/tr\/wp-json\/wp\/v2\/pages\/21253\/page\/2\/\">Next &raquo;<\/a>\t\t<\/nav>\n\t\t\t\t\t\t<\/div>\n\t\t\t\t<\/div>\n\t\t\t\t<\/div>\n\t\t<div class=\"elementor-element elementor-element-1d982cb e-con-full e-flex e-con e-child\" data-id=\"1d982cb\" data-element_type=\"container\">\n\t\t\t\t<div class=\"elementor-element elementor-element-d4895dd elementor-widget elementor-widget-sidebar\" data-id=\"d4895dd\" data-element_type=\"widget\" data-widget_type=\"sidebar.default\">\n\t\t\t\t\t<div id=\"block-5\" class=\"widget widget-wrap mb-4 p-4 widget_block\">\n<div class=\"wp-block-group\"><div class=\"wp-block-group__inner-container is-layout-flow wp-block-group-is-layout-flow\">\n<h2 class=\"wp-block-heading\">Ar\u015fivler<\/h2>\n\n\n<ul class=\"wp-block-archives-list wp-block-archives\">\t<li><a href='https:\/\/omrantrk.com\/tr\/2026\/04\/'>Nisan 2026<\/a><\/li>\n\t<li><a href='https:\/\/omrantrk.com\/tr\/2026\/03\/'>Mart 2026<\/a><\/li>\n\t<li><a href='https:\/\/omrantrk.com\/tr\/2026\/02\/'>\u015eubat 2026<\/a><\/li>\n\t<li><a href='https:\/\/omrantrk.com\/tr\/2026\/01\/'>Ocak 2026<\/a><\/li>\n\t<li><a href='https:\/\/omrantrk.com\/tr\/2025\/12\/'>Aral\u0131k 2025<\/a><\/li>\n\t<li><a href='https:\/\/omrantrk.com\/tr\/2025\/11\/'>Kas\u0131m 2025<\/a><\/li>\n\t<li><a href='https:\/\/omrantrk.com\/tr\/2025\/10\/'>Ekim 2025<\/a><\/li>\n\t<li><a href='https:\/\/omrantrk.com\/tr\/2025\/09\/'>Eyl\u00fcl 2025<\/a><\/li>\n\t<li><a href='https:\/\/omrantrk.com\/tr\/2025\/08\/'>A\u011fustos 2025<\/a><\/li>\n\t<li><a href='https:\/\/omrantrk.com\/tr\/2025\/07\/'>Temmuz 2025<\/a><\/li>\n<\/ul><\/div><\/div>\n<\/div><div id=\"block-6\" class=\"widget widget-wrap mb-4 p-4 widget_block\">\n<div class=\"wp-block-group\"><div class=\"wp-block-group__inner-container is-layout-flow wp-block-group-is-layout-flow\">\n<h2 class=\"wp-block-heading\">Kategoriler<\/h2>\n\n\n<ul class=\"wp-block-categories-list wp-block-categories\">\t<li class=\"cat-item cat-item-272\"><a href=\"https:\/\/omrantrk.com\/tr\/category\/gayrimenkul\/\">gayrimenkul<\/a>\n<\/li>\n\t<li class=\"cat-item cat-item-143\"><a href=\"https:\/\/omrantrk.com\/tr\/category\/haber\/\">Haber<\/a>\n<\/li>\n\t<li class=\"cat-item cat-item-144\"><a href=\"https:\/\/omrantrk.com\/tr\/category\/turizm\/\">Turizm<\/a>\n<\/li>\n\t<li class=\"cat-item cat-item-92\"><a href=\"https:\/\/omrantrk.com\/tr\/category\/uncategorized-tr\/\">Uncategorized @tr<\/a>\n<\/li>\n\t<li class=\"cat-item cat-item-142\"><a href=\"https:\/\/omrantrk.com\/tr\/category\/yatirim\/\">Yat\u0131r\u0131m<\/a>\n<\/li>\n<\/ul><\/div><\/div>\n<\/div><div id=\"block-7\" class=\"widget widget-wrap mb-4 p-4 widget_block widget_search\"><form role=\"search\" method=\"get\" action=\"https:\/\/omrantrk.com\/tr\/\" class=\"wp-block-search__button-outside wp-block-search__text-button alignleft wp-block-search\"    ><label class=\"wp-block-search__label screen-reader-text\" for=\"wp-block-search__input-1\" >Ara<\/label><div class=\"wp-block-search__inside-wrapper \"  style=\"width: 629px\"><input class=\"wp-block-search__input\" id=\"wp-block-search__input-1\" placeholder=\"Blog Ara\" value=\"\" type=\"search\" name=\"s\" required \/><button aria-label=\"Ara\" class=\"wp-block-search__button wp-element-button\" type=\"submit\" >Ara<\/button><\/div><\/form><\/div>\t\t\t\t<\/div>\n\t\t\t\t<\/div>\n\t\t\t\t\t<\/div>\n\t\t\t\t<\/div>\n\t\t<div class=\"elementor-element elementor-element-51ef59e e-flex e-con-boxed e-con e-parent\" data-id=\"51ef59e\" data-element_type=\"container\">\n\t\t\t\t\t<div class=\"e-con-inner\">\n\t\t\t\t<div class=\"elementor-element elementor-element-82fa14b elementor-widget elementor-widget-houzez-post-navigation\" data-id=\"82fa14b\" data-element_type=\"widget\" data-widget_type=\"houzez-post-navigation.default\">\n\t\t\t\t<div class=\"elementor-widget-container\">\n\t\t\t\t\t\t\t<div class=\"next-prev-block next-prev-blog blog-section clearfix\">\n\t\t    <div class=\"prev-box float-start text-start\">\n\t\t        \t\t            <div class=\"next-prev-block-content\">\n\t\t                <a href=\"https:\/\/omrantrk.com\/tr\/turkiyede-gayrimenkul-alanlari-brut-ve-net-arasindaki-fark-rakamlarla-yaniltilmamak-icin\/\" rel=\"prev\"><span class=\"elementor-post-navigation__link__prev\"><p class=\"post-navigation__prev--label\">Previous<\/p><span class=\"post-navigation__prev--title\">\u00a0T\u00fcrkiye\u2019de Gayrimenkul Alanlar\u0131: Br\u00fct ve Net Aras\u0131ndaki Fark \u2013 Rakamlarla Yan\u0131lt\u0131lmamak \u0130\u00e7in<\/span><\/span><\/a>\t\t            <\/div>\n\t\t            \t\t    <\/div>\n\t\t    <div class=\"next-box float-end text-end\">\n\t\t        \t\t            <div class=\"next-prev-block-content\">\n\t\t                <a href=\"https:\/\/omrantrk.com\/tr\/turkiyede-resmi-banka-uzerinden-gayrimenkul-finansmani-turk-yatirimci-icin-akilli-bir-yatirim-firsati\/\" rel=\"next\"><span class=\"elementor-post-navigation__link__next\"><p class=\"post-navigation__next--label\">Next<\/p><span class=\"post-navigation__next--title\">T\u00fcrkiye\u2019de Resm\u00ee Banka \u00dczerinden Gayrimenkul Finansman\u0131: T\u00fcrk Yat\u0131r\u0131mc\u0131 \u0130\u00e7in Ak\u0131ll\u0131 Bir Yat\u0131r\u0131m F\u0131rsat\u0131<\/span><\/span><\/a>\t\t            <\/div>\n\t\t            \t\t    <\/div>\n\t\t<\/div>\n\n\t\t\t\t\t\t<\/div>\n\t\t\t\t<\/div>\n\t\t\t\t\t<\/div>\n\t\t\t\t<\/div>\n\t\t\t\t<\/div>\n\t\t","protected":false},"excerpt":{"rendered":"","protected":false},"author":1,"featured_media":0,"parent":0,"menu_order":0,"comment_status":"closed","ping_status":"closed","template":"elementor_header_footer","meta":{"_seopress_robots_primary_cat":"","_seopress_titles_title":"","_seopress_titles_desc":"","_seopress_robots_index":"","footnotes":""},"class_list":["post-21253","page","type-page","status-publish","hentry"],"_hostinger_reach_plugin_has_subscription_block":false,"_hostinger_reach_plugin_is_elementor":false,"_links":{"self":[{"href":"https:\/\/omrantrk.com\/tr\/wp-json\/wp\/v2\/pages\/21253","targetHints":{"allow":["GET"]}}],"collection":[{"href":"https:\/\/omrantrk.com\/tr\/wp-json\/wp\/v2\/pages"}],"about":[{"href":"https:\/\/omrantrk.com\/tr\/wp-json\/wp\/v2\/types\/page"}],"author":[{"embeddable":true,"href":"https:\/\/omrantrk.com\/tr\/wp-json\/wp\/v2\/users\/1"}],"replies":[{"embeddable":true,"href":"https:\/\/omrantrk.com\/tr\/wp-json\/wp\/v2\/comments?post=21253"}],"version-history":[{"count":3,"href":"https:\/\/omrantrk.com\/tr\/wp-json\/wp\/v2\/pages\/21253\/revisions"}],"predecessor-version":[{"id":24000,"href":"https:\/\/omrantrk.com\/tr\/wp-json\/wp\/v2\/pages\/21253\/revisions\/24000"}],"wp:attachment":[{"href":"https:\/\/omrantrk.com\/tr\/wp-json\/wp\/v2\/media?parent=21253"}],"curies":[{"name":"wp","href":"https:\/\/api.w.org\/{rel}","templated":true}]}}