{"id":23936,"date":"2020-02-24T22:15:15","date_gmt":"2020-02-24T19:15:15","guid":{"rendered":"https:\/\/omrantrk.com\/about\/"},"modified":"2025-08-30T12:08:07","modified_gmt":"2025-08-30T09:08:07","slug":"about","status":"publish","type":"page","link":"https:\/\/omrantrk.com\/fr\/about\/","title":{"rendered":"\u00c0 Propos de Nous"},"content":{"rendered":"\t\t<div data-elementor-type=\"wp-page\" data-elementor-id=\"23936\" class=\"elementor elementor-23936 elementor-16650\" data-elementor-post-type=\"page\">\n\t\t\t\t<div class=\"elementor-element elementor-element-188b7c6 animated-slow e-flex e-con-boxed elementor-invisible e-con e-parent\" data-id=\"188b7c6\" data-element_type=\"container\" data-settings=\"{&quot;background_background&quot;:&quot;classic&quot;,&quot;animation&quot;:&quot;fadeIn&quot;}\">\n\t\t\t\t\t<div class=\"e-con-inner\">\n\t\t<div class=\"elementor-element elementor-element-1d8adf3 e-con-full e-flex e-con e-child\" data-id=\"1d8adf3\" data-element_type=\"container\">\n\t\t\t\t<div class=\"elementor-element elementor-element-d750fda elementor-invisible elementor-widget elementor-widget-heading\" data-id=\"d750fda\" data-element_type=\"widget\" data-settings=\"{&quot;_animation&quot;:&quot;fadeIn&quot;}\" data-widget_type=\"heading.default\">\n\t\t\t\t\t<h1 class=\"elementor-heading-title elementor-size-default\">\u00c0 Propos de Nous<\/h1>\t\t\t\t<\/div>\n\t\t\t\t<div class=\"elementor-element elementor-element-a6245a3 elementor-widget__width-initial elementor-invisible elementor-widget elementor-widget-heading\" data-id=\"a6245a3\" data-element_type=\"widget\" data-settings=\"{&quot;_animation&quot;:&quot;fadeIn&quot;}\" data-widget_type=\"heading.default\">\n\t\t\t\t\t<p class=\"elementor-heading-title elementor-size-default\">Bienvenue chez OmranTRK, o\u00f9 l'innovation rencontre l'excellence. Rejoignez-nous dans notre d\u00e9marche pour offrir des services d'exception et cr\u00e9er des opportunit\u00e9s d'investissement uniques.<\/p>\t\t\t\t<\/div>\n\t\t\t\t<div class=\"elementor-element elementor-element-ae271ee elementor-align-left elementor-invisible elementor-widget elementor-widget-button\" data-id=\"ae271ee\" data-element_type=\"widget\" data-settings=\"{&quot;_animation&quot;:&quot;fadeInUp&quot;}\" data-widget_type=\"button.default\">\n\t\t\t\t\t\t\t\t\t\t<a class=\"elementor-button elementor-button-link elementor-size-lg\" href=\"https:\/\/omrantrk.com\/contact\/\">\n\t\t\t\t\t\t<span class=\"elementor-button-content-wrapper\">\n\t\t\t\t\t\t\t\t\t<span class=\"elementor-button-text\">Contactez-nous<\/span>\n\t\t\t\t\t<\/span>\n\t\t\t\t\t<\/a>\n\t\t\t\t\t\t\t\t<\/div>\n\t\t\t\t<\/div>\n\t\t\t\t\t<\/div>\n\t\t\t\t<\/div>\n\t\t\t\t<section class=\"elementor-section elementor-top-section elementor-element elementor-element-09038dc elementor-section-boxed elementor-section-height-default elementor-section-height-default\" data-id=\"09038dc\" data-element_type=\"section\" data-settings=\"{&quot;background_background&quot;:&quot;classic&quot;}\">\n\t\t\t\t\t\t<div class=\"elementor-container elementor-column-gap-default\">\n\t\t\t\t\t<div class=\"elementor-column elementor-col-100 elementor-top-column elementor-element elementor-element-c8278ac\" data-id=\"c8278ac\" data-element_type=\"column\">\n\t\t\t<div class=\"elementor-widget-wrap elementor-element-populated\">\n\t\t\t\t\t\t<div class=\"elementor-element elementor-element-3271868 elementor-widget elementor-widget-spacer\" data-id=\"3271868\" data-element_type=\"widget\" data-widget_type=\"spacer.default\">\n\t\t\t\t\t\t\t<div class=\"elementor-spacer\">\n\t\t\t<div class=\"elementor-spacer-inner\"><\/div>\n\t\t<\/div>\n\t\t\t\t\t\t<\/div>\n\t\t\t\t<div class=\"elementor-element elementor-element-e7b5ff8 elementor-widget elementor-widget-heading\" data-id=\"e7b5ff8\" data-element_type=\"widget\" data-widget_type=\"heading.default\">\n\t\t\t\t\t<h2 class=\"elementor-heading-title elementor-size-default\">Qui Sommes-Nous<\/h2>\t\t\t\t<\/div>\n\t\t\t\t<div class=\"elementor-element elementor-element-69fe9b8 elementor-widget elementor-widget-text-editor\" data-id=\"69fe9b8\" data-element_type=\"widget\" data-widget_type=\"text-editor.default\">\n\t\t\t\t\t\t\t\t\t<p><span style=\"font-weight: 400;\">Fond\u00e9e en 2016, Omran TRK est une soci\u00e9t\u00e9 d&#8217;investissement et de d\u00e9veloppement immobilier bas\u00e9e \u00e0 Yalova, en Turquie. Depuis son lancement, l&#8217;entreprise s&#8217;est impos\u00e9e comme l&#8217;un des principaux promoteurs du march\u00e9 immobilier turc, s&#8217;engageant fermement en faveur d&#8217;investissements s\u00fbrs et de qualit\u00e9. Omran TRK s&#8217;efforce d&#8217;offrir les meilleurs rendements aux investisseurs en d\u00e9veloppant des projets immobiliers d&#8217;exception, en g\u00e9rant avec professionnalisme des complexes r\u00e9sidentiels et en assurant une croissance durable de leurs capitaux propres.<\/span><\/p>\t\t\t\t\t\t\t\t<\/div>\n\t\t\t\t\t<\/div>\n\t\t<\/div>\n\t\t\t\t\t<\/div>\n\t\t<\/section>\n\t\t\t\t<section class=\"elementor-section elementor-top-section elementor-element elementor-element-78debd7 elementor-section-boxed elementor-section-height-default elementor-section-height-default\" data-id=\"78debd7\" data-element_type=\"section\" data-settings=\"{&quot;background_background&quot;:&quot;classic&quot;}\">\n\t\t\t\t\t\t<div class=\"elementor-container elementor-column-gap-default\">\n\t\t\t\t\t<div class=\"elementor-column elementor-col-100 elementor-top-column elementor-element elementor-element-3e20047\" data-id=\"3e20047\" data-element_type=\"column\">\n\t\t\t<div class=\"elementor-widget-wrap elementor-element-populated\">\n\t\t\t\t\t\t<div class=\"elementor-element elementor-element-34270dc elementor-widget elementor-widget-heading\" data-id=\"34270dc\" data-element_type=\"widget\" data-widget_type=\"heading.default\">\n\t\t\t\t\t<h2 class=\"elementor-heading-title elementor-size-default\">Notre Mission<\/h2>\t\t\t\t<\/div>\n\t\t\t\t<div class=\"elementor-element elementor-element-f50ddd6 elementor-widget elementor-widget-text-editor\" data-id=\"f50ddd6\" data-element_type=\"widget\" data-widget_type=\"text-editor.default\">\n\t\t\t\t\t\t\t\t\t<article class=\"text-token-text-primary w-full focus:outline-none scroll-mt-[calc(var(--header-height)+min(200px,max(70px,20svh)))]\" dir=\"auto\" tabindex=\"-1\" data-turn-id=\"request-WEB:0fa4e3c6-60aa-4d66-b831-37b0fd8d1c23-0\" data-testid=\"conversation-turn-2\" data-scroll-anchor=\"true\" data-turn=\"assistant\"><div class=\"text-base my-auto mx-auto pb-10 [--thread-content-margin:--spacing(4)] @[37rem]:[--thread-content-margin:--spacing(6)] @[72rem]:[--thread-content-margin:--spacing(16)] px-(--thread-content-margin)\"><div class=\"[--thread-content-max-width:32rem] @[34rem]:[--thread-content-max-width:40rem] @[64rem]:[--thread-content-max-width:48rem] mx-auto max-w-(--thread-content-max-width) flex-1 group\/turn-messages focus-visible:outline-hidden relative flex w-full min-w-0 flex-col agent-turn\" tabindex=\"-1\"><div class=\"flex max-w-full flex-col grow\"><div class=\"min-h-8 text-message relative flex w-full flex-col items-end gap-2 text-start break-words whitespace-normal [.text-message+&amp;]:mt-5\" dir=\"auto\" data-message-author-role=\"assistant\" data-message-id=\"fddd0190-c447-4a6d-a9b7-05d1ef07f267\" data-message-model-slug=\"gpt-5\"><div class=\"flex w-full flex-col gap-1 empty:hidden first:pt-[3px]\"><div class=\"markdown prose dark:prose-invert w-full break-words dark markdown-new-styling\"><p>Nous nous effor\u00e7ons constamment d&#8217;\u00eatre l&#8217;agence immobili\u00e8re la plus s\u00fbre, la plus fiable et la plus qualitative, r\u00e9pondant aux aspirations de nos clients, o\u00f9 qu&#8217;ils soient. Notre objectif est de fournir des solutions immobili\u00e8res innovantes et des services exceptionnels, reflet de notre passion pour l&#8217;excellence et notre leadership sur le march\u00e9.<\/p><\/div><\/div><\/div><\/div><\/div><\/div><\/article>\t\t\t\t\t\t\t\t<\/div>\n\t\t\t\t\t<\/div>\n\t\t<\/div>\n\t\t\t\t\t<\/div>\n\t\t<\/section>\n\t\t\t\t<section class=\"elementor-section elementor-top-section elementor-element elementor-element-595719a elementor-section-boxed elementor-section-height-default elementor-section-height-default\" data-id=\"595719a\" data-element_type=\"section\" data-settings=\"{&quot;background_background&quot;:&quot;classic&quot;}\">\n\t\t\t\t\t\t<div class=\"elementor-container elementor-column-gap-default\">\n\t\t\t\t\t<div class=\"elementor-column elementor-col-100 elementor-top-column elementor-element elementor-element-ab98ea6\" data-id=\"ab98ea6\" data-element_type=\"column\">\n\t\t\t<div class=\"elementor-widget-wrap elementor-element-populated\">\n\t\t\t\t\t\t<div class=\"elementor-element elementor-element-bc07fdd elementor-widget elementor-widget-heading\" data-id=\"bc07fdd\" data-element_type=\"widget\" data-widget_type=\"heading.default\">\n\t\t\t\t\t<h2 class=\"elementor-heading-title elementor-size-default\">Notre Vision<\/h2>\t\t\t\t<\/div>\n\t\t\t\t<div class=\"elementor-element elementor-element-df86193 elementor-widget elementor-widget-text-editor\" data-id=\"df86193\" data-element_type=\"widget\" data-widget_type=\"text-editor.default\">\n\t\t\t\t\t\t\t\t\t<p>Devenir un leader dans le domaine du d\u00e9veloppement immobilier et de la gestion int\u00e9gr\u00e9e, tout en g\u00e9n\u00e9rant des profits durables pour nos investisseurs et en assumant notre responsabilit\u00e9 sociale envers nos employ\u00e9s, nos clients et les communaut\u00e9s o\u00f9 nous op\u00e9rons. Notre vision s&#8217;articule autour d&#8217;une v\u00e9ritable valeur ajout\u00e9e, garantissant un \u00e9quilibre entre luxe, rendement et responsabilit\u00e9 Conduire l\u2019avenir\u2026 avec une vision au-del\u00e0 de l\u2019immobilier.<\/p>\t\t\t\t\t\t\t\t<\/div>\n\t\t\t\t\t<\/div>\n\t\t<\/div>\n\t\t\t\t\t<\/div>\n\t\t<\/section>\n\t\t\t\t<section class=\"elementor-section elementor-top-section elementor-element elementor-element-3be5ebe elementor-section-boxed elementor-section-height-default elementor-section-height-default\" data-id=\"3be5ebe\" data-element_type=\"section\" data-settings=\"{&quot;background_background&quot;:&quot;classic&quot;}\">\n\t\t\t\t\t\t<div class=\"elementor-container elementor-column-gap-default\">\n\t\t\t\t\t<div class=\"elementor-column elementor-col-100 elementor-top-column elementor-element elementor-element-7681432\" data-id=\"7681432\" data-element_type=\"column\">\n\t\t\t<div class=\"elementor-widget-wrap elementor-element-populated\">\n\t\t\t\t\t\t<div class=\"elementor-element elementor-element-9217c93 elementor-widget elementor-widget-heading\" data-id=\"9217c93\" data-element_type=\"widget\" data-widget_type=\"heading.default\">\n\t\t\t\t\t<h2 class=\"elementor-heading-title elementor-size-default\">Notre Objectif<\/h2>\t\t\t\t<\/div>\n\t\t\t\t<div class=\"elementor-element elementor-element-19b7d9e elementor-widget elementor-widget-text-editor\" data-id=\"19b7d9e\" data-element_type=\"widget\" data-widget_type=\"text-editor.default\">\n\t\t\t\t\t\t\t\t\t<p>We aim to delight our clients by providing premium real estate services and high-quality residential facilities at competitive prices\u2014meeting local and international standards\u2014so they can enjoy a lifestyle of comfort, security, and environmental harmony.<\/p>\t\t\t\t\t\t\t\t<\/div>\n\t\t\t\t\t<\/div>\n\t\t<\/div>\n\t\t\t\t\t<\/div>\n\t\t<\/section>\n\t\t<div class=\"elementor-element elementor-element-8175dca e-flex e-con-boxed e-con e-parent\" data-id=\"8175dca\" data-element_type=\"container\" data-settings=\"{&quot;background_background&quot;:&quot;classic&quot;}\">\n\t\t\t\t\t<div class=\"e-con-inner\">\n\t\t\t\t<div class=\"elementor-element elementor-element-316acdf elementor-widget elementor-widget-spacer\" data-id=\"316acdf\" data-element_type=\"widget\" data-widget_type=\"spacer.default\">\n\t\t\t\t\t\t\t<div class=\"elementor-spacer\">\n\t\t\t<div class=\"elementor-spacer-inner\"><\/div>\n\t\t<\/div>\n\t\t\t\t\t\t<\/div>\n\t\t\t\t<div class=\"elementor-element elementor-element-489497f elementor-invisible elementor-widget elementor-widget-heading\" data-id=\"489497f\" data-element_type=\"widget\" data-settings=\"{&quot;_animation&quot;:&quot;fadeIn&quot;}\" data-widget_type=\"heading.default\">\n\t\t\t\t\t<h2 class=\"elementor-heading-title elementor-size-default\">Pourquoi OmranTRK?\n<\/h2>\t\t\t\t<\/div>\n\t\t\t\t<div class=\"elementor-element elementor-element-f44a17c elementor-widget elementor-widget-text-editor\" data-id=\"f44a17c\" data-element_type=\"widget\" data-widget_type=\"text-editor.default\">\n\t\t\t\t\t\t\t\t\t<p>D\u00e9couvrez la valeur que nous ajoutons \u00e0 chaque investissement<\/p>\t\t\t\t\t\t\t\t<\/div>\n\t\t<div class=\"elementor-element elementor-element-689c51f e-grid e-con-full elementor-invisible e-con e-child\" data-id=\"689c51f\" data-element_type=\"container\" data-settings=\"{&quot;background_background&quot;:&quot;classic&quot;,&quot;animation&quot;:&quot;fadeIn&quot;}\">\n\t\t<div class=\"elementor-element elementor-element-34bcf3d e-flex e-con-boxed elementor-invisible e-con e-child\" data-id=\"34bcf3d\" data-element_type=\"container\" data-settings=\"{&quot;animation&quot;:&quot;fadeInUp&quot;}\">\n\t\t\t\t\t<div class=\"e-con-inner\">\n\t\t\t\t<div class=\"elementor-element elementor-element-9040659 elementor-invisible elementor-widget elementor-widget-Houzez_Banner_Image\" data-id=\"9040659\" data-element_type=\"widget\" data-settings=\"{&quot;_animation&quot;:&quot;fadeInUp&quot;}\" data-widget_type=\"Houzez_Banner_Image.default\">\n\t\t\t\t<div class=\"elementor-widget-container\">\n\t\t\t\t\t\n        <div class=\"banner-image-module d-flex justify-content-center align-items-center\">\n                        <div class=\"banner-image-content-wrap p-4 text-center\">\n                <a>Qualit\u00e9 Exceptionnelle<\/a>\n            <\/div>\n                        \n            <img decoding=\"async\" class=\"img-fluid\" src=\"https:\/\/omrantrk.com\/wp-content\/uploads\/2025\/08\/Exceptional-Quality.webp\" alt=\"Exceptional Quality omrantrk\">\n                            <a class=\"banner-image-module-link w-100 h-100 top-0 bottom-0 start-0 end-0\"><\/a>\n                    <\/div>\n        \n   \t\t\t\t<\/div>\n\t\t\t\t<\/div>\n\t\t\t\t<div class=\"elementor-element elementor-element-f10922a elementor-widget elementor-widget-heading\" data-id=\"f10922a\" data-element_type=\"widget\" data-widget_type=\"heading.default\">\n\t\t\t\t\t<p class=\"elementor-heading-title elementor-size-default\">L\u2019\u00e9quipe d\u2019OmranTRK offre des services de qualit\u00e9 et comp\u00e9titifs sur le march\u00e9 immobilier turc<\/p>\t\t\t\t<\/div>\n\t\t\t\t\t<\/div>\n\t\t\t\t<\/div>\n\t\t<div class=\"elementor-element elementor-element-6947361 e-flex e-con-boxed elementor-invisible e-con e-child\" data-id=\"6947361\" data-element_type=\"container\" data-settings=\"{&quot;animation&quot;:&quot;fadeInUp&quot;,&quot;animation_delay&quot;:100}\">\n\t\t\t\t\t<div class=\"e-con-inner\">\n\t\t\t\t<div class=\"elementor-element elementor-element-ea34f8e elementor-invisible elementor-widget elementor-widget-Houzez_Banner_Image\" data-id=\"ea34f8e\" data-element_type=\"widget\" data-settings=\"{&quot;_animation&quot;:&quot;fadeInUp&quot;,&quot;_animation_delay&quot;:100}\" data-widget_type=\"Houzez_Banner_Image.default\">\n\t\t\t\t<div class=\"elementor-widget-container\">\n\t\t\t\t\t\n        <div class=\"banner-image-module d-flex justify-content-center align-items-center\">\n                        <div class=\"banner-image-content-wrap p-4 text-center\">\n                <a>Vision D&#039;entreprise Forte<\/a>\n            <\/div>\n                        \n            <img decoding=\"async\" class=\"img-fluid\" src=\"https:\/\/omrantrk.com\/wp-content\/uploads\/2025\/08\/ABold-Corporat-Vision-omrantrk.webp\" alt=\"A Bold Corporat Vision omrantrk\">\n                            <a class=\"banner-image-module-link w-100 h-100 top-0 bottom-0 start-0 end-0\"><\/a>\n                    <\/div>\n        \n   \t\t\t\t<\/div>\n\t\t\t\t<\/div>\n\t\t\t\t<div class=\"elementor-element elementor-element-ae5dec5 elementor-widget elementor-widget-heading\" data-id=\"ae5dec5\" data-element_type=\"widget\" data-widget_type=\"heading.default\">\n\t\t\t\t\t<p class=\"elementor-heading-title elementor-size-default\">OmranTRK maintient sa forte pr\u00e9sence sur le march\u00e9 immobilier gr\u00e2ce \u00e0 une nouvelle vision d'entreprise<\/p>\t\t\t\t<\/div>\n\t\t\t\t\t<\/div>\n\t\t\t\t<\/div>\n\t\t<div class=\"elementor-element elementor-element-426ba00 e-flex e-con-boxed elementor-invisible e-con e-child\" data-id=\"426ba00\" data-element_type=\"container\" data-settings=\"{&quot;animation&quot;:&quot;fadeInUp&quot;,&quot;animation_delay&quot;:200}\">\n\t\t\t\t\t<div class=\"e-con-inner\">\n\t\t\t\t<div class=\"elementor-element elementor-element-b9f36ca elementor-invisible elementor-widget elementor-widget-Houzez_Banner_Image\" data-id=\"b9f36ca\" data-element_type=\"widget\" data-settings=\"{&quot;_animation&quot;:&quot;fadeInUp&quot;,&quot;_animation_delay&quot;:200}\" data-widget_type=\"Houzez_Banner_Image.default\">\n\t\t\t\t<div class=\"elementor-widget-container\">\n\t\t\t\t\t\n        <div class=\"banner-image-module d-flex justify-content-center align-items-center\">\n                        <div class=\"banner-image-content-wrap p-4 text-center\">\n                <a>Croissance Durable<\/a>\n            <\/div>\n                        \n            <img decoding=\"async\" class=\"img-fluid\" src=\"https:\/\/omrantrk.com\/wp-content\/uploads\/2025\/08\/Sustainable-Growth-omrantrk.webp\" alt=\"Sustainable Growth omrantrk\">\n                            <a class=\"banner-image-module-link w-100 h-100 top-0 bottom-0 start-0 end-0\"><\/a>\n                    <\/div>\n        \n   \t\t\t\t<\/div>\n\t\t\t\t<\/div>\n\t\t\t\t<div class=\"elementor-element elementor-element-0b70cde elementor-widget elementor-widget-heading\" data-id=\"0b70cde\" data-element_type=\"widget\" data-widget_type=\"heading.default\">\n\t\t\t\t\t<p class=\"elementor-heading-title elementor-size-default\">Nous nous engageons \u00e0 atteindre des objectifs de croissance annuels continus selon les normes de qualit\u00e9 les plus \u00e9lev\u00e9es<\/p>\t\t\t\t<\/div>\n\t\t\t\t\t<\/div>\n\t\t\t\t<\/div>\n\t\t<div class=\"elementor-element elementor-element-6e7849b e-flex e-con-boxed elementor-invisible e-con e-child\" data-id=\"6e7849b\" data-element_type=\"container\" data-settings=\"{&quot;animation&quot;:&quot;fadeInUp&quot;,&quot;animation_delay&quot;:300}\">\n\t\t\t\t\t<div class=\"e-con-inner\">\n\t\t\t\t<div class=\"elementor-element elementor-element-eb40c31 elementor-invisible elementor-widget elementor-widget-Houzez_Banner_Image\" data-id=\"eb40c31\" data-element_type=\"widget\" data-settings=\"{&quot;_animation&quot;:&quot;fadeInUp&quot;,&quot;_animation_delay&quot;:300}\" data-widget_type=\"Houzez_Banner_Image.default\">\n\t\t\t\t<div class=\"elementor-widget-container\">\n\t\t\t\t\t\n        <div class=\"banner-image-module d-flex justify-content-center align-items-center\">\n                        <div class=\"banner-image-content-wrap p-4 text-center\">\n                <a>Des Services Int\u00e9gr\u00e9s de A \u00e0 Z<\/a>\n            <\/div>\n                        \n            <img decoding=\"async\" class=\"img-fluid\" src=\"https:\/\/omrantrk.com\/wp-content\/uploads\/2025\/08\/End-to-End-Services-omrantrk.webp\" alt=\"End to End Services omrantrk\">\n                            <a class=\"banner-image-module-link w-100 h-100 top-0 bottom-0 start-0 end-0\"><\/a>\n                    <\/div>\n        \n   \t\t\t\t<\/div>\n\t\t\t\t<\/div>\n\t\t\t\t<div class=\"elementor-element elementor-element-fa9094f elementor-widget elementor-widget-heading\" data-id=\"fa9094f\" data-element_type=\"widget\" data-widget_type=\"heading.default\">\n\t\t\t\t\t<p class=\"elementor-heading-title elementor-size-default\">Du premier contact jusqu'\u00e0 l'accession \u00e0 la propri\u00e9t\u00e9 : r\u00e9sidence, location, revente, transfert de propri\u00e9t\u00e9, et tout ce dont vous avez besoin\u2026 nous vous accompagnons \u00e0 chaque \u00e9tape<\/p>\t\t\t\t<\/div>\n\t\t\t\t\t<\/div>\n\t\t\t\t<\/div>\n\t\t\t\t<\/div>\n\t\t\t\t\t<\/div>\n\t\t\t\t<\/div>\n\t\t<div class=\"elementor-element elementor-element-3d3d95c e-flex e-con-boxed e-con e-parent\" data-id=\"3d3d95c\" data-element_type=\"container\" data-settings=\"{&quot;background_background&quot;:&quot;classic&quot;}\">\n\t\t\t\t\t<div class=\"e-con-inner\">\n\t\t\t\t<div class=\"elementor-element elementor-element-0ed4a81 elementor-widget elementor-widget-heading\" data-id=\"0ed4a81\" data-element_type=\"widget\" data-widget_type=\"heading.default\">\n\t\t\t\t\t<h2 class=\"elementor-heading-title elementor-size-default\">Notre Parcours de Croissance\u2026 Des D\u00e9buts au Leadership<\/h2>\t\t\t\t<\/div>\n\t\t\t\t<div class=\"elementor-element elementor-element-3d45761 elementor-widget elementor-widget-text-editor\" data-id=\"3d45761\" data-element_type=\"widget\" data-widget_type=\"text-editor.default\">\n\t\t\t\t\t\t\t\t\t<div class=\"dad65929\"><div class=\"_4f9bf79 d7dc56a8 _43c05b5\"><div class=\"ds-markdown ds-markdown--block\"><p class=\"ds-markdown-paragraph\">Depuis son lancement en 2016, <strong>OmranTRK<\/strong> a d\u00e9montr\u00e9 que l&#8217;excellence et l&#8217;innovation sont le fondement de sa r\u00e9ussite. En seulement quelques ann\u00e9es, notre marque a \u00e9volu\u00e9 pour incarner notre vision : offrir des services immobiliers modernes et fiables. Elle est le reflet de votre confiance et affirme notre engagement envers une croissance continue.<\/p><\/div><\/div><\/div>\t\t\t\t\t\t\t\t<\/div>\n\t\t\t\t<div class=\"elementor-element elementor-element-78587c4 elementor-widget elementor-widget-image\" data-id=\"78587c4\" data-element_type=\"widget\" data-widget_type=\"image.default\">\n\t\t\t\t\t\t\t\t\t\t\t\t\t\t\t<img fetchpriority=\"high\" decoding=\"async\" width=\"1024\" height=\"576\" src=\"https:\/\/omrantrk.com\/wp-content\/uploads\/2025\/08\/omrantrk-logo-e1756107490795.png\" class=\"attachment-large size-large wp-image-23565\" alt=\"omrantrk logo evolution\" srcset=\"\" \/>\t\t\t\t\t\t\t\t\t\t\t\t\t\t\t<\/div>\n\t\t\t\t\t<\/div>\n\t\t\t\t<\/div>\n\t\t\t\t<\/div>\n\t\t","protected":false},"excerpt":{"rendered":"<p>\u00c0 Propos de Nous Bienvenue chez OmranTRK, o\u00f9 l&#8217;innovation rencontre l&#8217;excellence. Rejoignez-nous dans notre d\u00e9marche pour offrir des services d&#8217;exception et cr\u00e9er des opportunit\u00e9s d&#8217;investissement uniques. Contactez-nous Qui Sommes-Nous Fond\u00e9e en 2016, Omran TRK est une soci\u00e9t\u00e9 d&#8217;investissement et de d\u00e9veloppement immobilier bas\u00e9e \u00e0 Yalova, en Turquie. Depuis son lancement, l&#8217;entreprise s&#8217;est impos\u00e9e comme l&#8217;un [&hellip;]<\/p>\n","protected":false},"author":1,"featured_media":0,"parent":0,"menu_order":0,"comment_status":"closed","ping_status":"closed","template":"template\/template-homepage.php","meta":{"_seopress_robots_primary_cat":"","_seopress_titles_title":"","_seopress_titles_desc":"","_seopress_robots_index":"","footnotes":""},"class_list":["post-23936","page","type-page","status-publish","hentry"],"_hostinger_reach_plugin_has_subscription_block":false,"_hostinger_reach_plugin_is_elementor":false,"_links":{"self":[{"href":"https:\/\/omrantrk.com\/fr\/wp-json\/wp\/v2\/pages\/23936","targetHints":{"allow":["GET"]}}],"collection":[{"href":"https:\/\/omrantrk.com\/fr\/wp-json\/wp\/v2\/pages"}],"about":[{"href":"https:\/\/omrantrk.com\/fr\/wp-json\/wp\/v2\/types\/page"}],"author":[{"embeddable":true,"href":"https:\/\/omrantrk.com\/fr\/wp-json\/wp\/v2\/users\/1"}],"replies":[{"embeddable":true,"href":"https:\/\/omrantrk.com\/fr\/wp-json\/wp\/v2\/comments?post=23936"}],"version-history":[{"count":5,"href":"https:\/\/omrantrk.com\/fr\/wp-json\/wp\/v2\/pages\/23936\/revisions"}],"predecessor-version":[{"id":23959,"href":"https:\/\/omrantrk.com\/fr\/wp-json\/wp\/v2\/pages\/23936\/revisions\/23959"}],"wp:attachment":[{"href":"https:\/\/omrantrk.com\/fr\/wp-json\/wp\/v2\/media?parent=23936"}],"curies":[{"name":"wp","href":"https:\/\/api.w.org\/{rel}","templated":true}]}}