{"id":21252,"date":"2025-07-19T01:02:27","date_gmt":"2025-07-18T22:02:27","guid":{"rendered":"https:\/\/omrantrk.com\/blogs\/"},"modified":"2025-08-30T16:45:01","modified_gmt":"2025-08-30T13:45:01","slug":"blogs","status":"publish","type":"page","link":"https:\/\/omrantrk.com\/fr\/blogs\/","title":{"rendered":"Blogs"},"content":{"rendered":"\t\t<div data-elementor-type=\"wp-page\" data-elementor-id=\"21252\" class=\"elementor elementor-21252 elementor-21243\" data-elementor-post-type=\"page\">\n\t\t\t\t<div class=\"elementor-element elementor-element-db38ee2 e-flex e-con-boxed e-con e-parent\" data-id=\"db38ee2\" data-element_type=\"container\">\n\t\t\t\t\t<div class=\"e-con-inner\">\n\t\t<div class=\"elementor-element elementor-element-5ceed86 e-con-full e-flex e-con e-child\" data-id=\"5ceed86\" data-element_type=\"container\">\n\t\t\t\t<div class=\"elementor-element elementor-element-aa4b534 elementor-grid-3 elementor-grid-tablet-2 elementor-grid-mobile-1 elementor-posts--thumbnail-top elementor-card-shadow-yes elementor-posts__hover-gradient elementor-widget elementor-widget-posts\" data-id=\"aa4b534\" data-element_type=\"widget\" data-settings=\"{&quot;pagination_type&quot;:&quot;numbers_and_prev_next&quot;,&quot;cards_columns&quot;:&quot;3&quot;,&quot;cards_columns_tablet&quot;:&quot;2&quot;,&quot;cards_columns_mobile&quot;:&quot;1&quot;,&quot;cards_row_gap&quot;:{&quot;unit&quot;:&quot;px&quot;,&quot;size&quot;:35,&quot;sizes&quot;:[]},&quot;cards_row_gap_tablet&quot;:{&quot;unit&quot;:&quot;px&quot;,&quot;size&quot;:&quot;&quot;,&quot;sizes&quot;:[]},&quot;cards_row_gap_mobile&quot;:{&quot;unit&quot;:&quot;px&quot;,&quot;size&quot;:&quot;&quot;,&quot;sizes&quot;:[]}}\" data-widget_type=\"posts.cards\">\n\t\t\t\t<div class=\"elementor-widget-container\">\n\t\t\t\t\t\t\t<div class=\"elementor-posts-container elementor-posts elementor-posts--skin-cards elementor-grid\" role=\"list\">\n\t\t\t\t<article class=\"elementor-post elementor-grid-item post-30192 post type-post status-publish format-standard has-post-thumbnail hentry category-investissement\" role=\"listitem\">\n\t\t\t<div class=\"elementor-post__card\">\n\t\t\t\t<a class=\"elementor-post__thumbnail__link\" href=\"https:\/\/omrantrk.com\/fr\/istanbul-devient-elle-le-premier-centre-financier-de-la-region-des-opportunites-dinvestissement-immobilier-a-ne-pas-manquer\/\" tabindex=\"-1\" ><div class=\"elementor-post__thumbnail\"><img alt=\"\" decoding=\"async\" width=\"300\" height=\"158\" src=\"https:\/\/omrantrk.com\/wp-content\/uploads\/2026\/04\/Istanbul-Bolgenin-Birinci-Finans-Merkezi-Oluyor-mu.webp\" class=\"attachment-medium size-medium wp-image-30180\" alt=\"\" \/><\/div><\/a>\n\t\t\t\t<div class=\"elementor-post__text\">\n\t\t\t\t<h3 class=\"elementor-post__title\">\n\t\t\t<a href=\"https:\/\/omrantrk.com\/fr\/istanbul-devient-elle-le-premier-centre-financier-de-la-region-des-opportunites-dinvestissement-immobilier-a-ne-pas-manquer\/\" >\n\t\t\t\tIstanbul devient-elle le premier centre financier de la r\u00e9gion ? Des opportunit\u00e9s d\u2019investissement immobilier \u00e0 ne pas manquer\t\t\t<\/a>\n\t\t<\/h3>\n\t\t\t\t<\/div>\n\t\t\t\t<div class=\"elementor-post__meta-data\">\n\t\t\t\t\t<span class=\"elementor-post-date\">\n\t\t\tavril 9, 2026\t\t<\/span>\n\t\t\t\t<span class=\"elementor-post-avatar\">\n\t\t\tAucun commentaire\t\t<\/span>\n\t\t\t\t<\/div>\n\t\t\t\t\t<\/div>\n\t\t<\/article>\n\t\t\t\t<article class=\"elementor-post elementor-grid-item post-30163 post type-post status-publish format-standard has-post-thumbnail hentry category-nouvelles\" role=\"listitem\">\n\t\t\t<div class=\"elementor-post__card\">\n\t\t\t\t<a class=\"elementor-post__thumbnail__link\" href=\"https:\/\/omrantrk.com\/fr\/un-nouveau-corridor-terrestre-entre-le-golfe-la-turquie-et-leurope-comment-va-t-il-redefinir-le-commerce-mondial\/\" tabindex=\"-1\" ><div class=\"elementor-post__thumbnail\"><img alt=\"\" fetchpriority=\"high\" decoding=\"async\" width=\"300\" height=\"200\" src=\"https:\/\/omrantrk.com\/wp-content\/uploads\/2026\/04\/New_Trade_Corridor-1.webp\" class=\"attachment-medium size-medium wp-image-30159\" alt=\"\" srcset=\"https:\/\/omrantrk.com\/wp-content\/uploads\/2026\/04\/New_Trade_Corridor-1.webp 1248w, https:\/\/omrantrk.com\/wp-content\/uploads\/2026\/04\/New_Trade_Corridor-1-1170x785.webp 1170w\" sizes=\"(max-width: 300px) 100vw, 300px\" \/><\/div><\/a>\n\t\t\t\t<div class=\"elementor-post__text\">\n\t\t\t\t<h3 class=\"elementor-post__title\">\n\t\t\t<a href=\"https:\/\/omrantrk.com\/fr\/un-nouveau-corridor-terrestre-entre-le-golfe-la-turquie-et-leurope-comment-va-t-il-redefinir-le-commerce-mondial\/\" >\n\t\t\t\tUn nouveau corridor terrestre entre le Golfe, la Turquie et l\u2019Europe : comment va-t-il red\u00e9finir le commerce mondial ?\t\t\t<\/a>\n\t\t<\/h3>\n\t\t\t\t<\/div>\n\t\t\t\t<div class=\"elementor-post__meta-data\">\n\t\t\t\t\t<span class=\"elementor-post-date\">\n\t\t\tavril 7, 2026\t\t<\/span>\n\t\t\t\t<span class=\"elementor-post-avatar\">\n\t\t\tAucun commentaire\t\t<\/span>\n\t\t\t\t<\/div>\n\t\t\t\t\t<\/div>\n\t\t<\/article>\n\t\t\t\t<article class=\"elementor-post elementor-grid-item post-30150 post type-post status-publish format-standard has-post-thumbnail hentry category-investissement\" role=\"listitem\">\n\t\t\t<div class=\"elementor-post__card\">\n\t\t\t\t<a class=\"elementor-post__thumbnail__link\" href=\"https:\/\/omrantrk.com\/fr\/comparaison-entre-le-marche-immobilier-en-egypte-et-en-turquie-chiffres-statistiques-et-opportunites-dinvestissement\/\" tabindex=\"-1\" ><div class=\"elementor-post__thumbnail\"><img alt=\"\" decoding=\"async\" width=\"300\" height=\"158\" src=\"https:\/\/omrantrk.com\/wp-content\/uploads\/2026\/04\/Comparison-Between-the-Real-Estate-Market-in-Egypt-and-Turkey.webp\" class=\"attachment-medium size-medium wp-image-30142\" alt=\"\" \/><\/div><\/a>\n\t\t\t\t<div class=\"elementor-post__text\">\n\t\t\t\t<h3 class=\"elementor-post__title\">\n\t\t\t<a href=\"https:\/\/omrantrk.com\/fr\/comparaison-entre-le-marche-immobilier-en-egypte-et-en-turquie-chiffres-statistiques-et-opportunites-dinvestissement\/\" >\n\t\t\t\tComparaison entre le march\u00e9 immobilier en \u00c9gypte et en Turquie : chiffres, statistiques et opportunit\u00e9s d\u2019investissement\t\t\t<\/a>\n\t\t<\/h3>\n\t\t\t\t<\/div>\n\t\t\t\t<div class=\"elementor-post__meta-data\">\n\t\t\t\t\t<span class=\"elementor-post-date\">\n\t\t\tavril 6, 2026\t\t<\/span>\n\t\t\t\t<span class=\"elementor-post-avatar\">\n\t\t\tAucun commentaire\t\t<\/span>\n\t\t\t\t<\/div>\n\t\t\t\t\t<\/div>\n\t\t<\/article>\n\t\t\t\t<article class=\"elementor-post elementor-grid-item post-30129 post type-post status-publish format-standard has-post-thumbnail hentry category-investissement\" role=\"listitem\">\n\t\t\t<div class=\"elementor-post__card\">\n\t\t\t\t<a class=\"elementor-post__thumbnail__link\" href=\"https:\/\/omrantrk.com\/fr\/linvestissement-immobilier-en-turquie-est-il-meilleur-qua-oman\/\" tabindex=\"-1\" ><div class=\"elementor-post__thumbnail\"><img alt=\"\" loading=\"lazy\" decoding=\"async\" width=\"300\" height=\"158\" src=\"https:\/\/omrantrk.com\/wp-content\/uploads\/2026\/04\/Is-Real-Estate-Investment-in-Turkey-Better-Than-in-Oman.webp\" class=\"attachment-medium size-medium wp-image-30124\" alt=\"\" \/><\/div><\/a>\n\t\t\t\t<div class=\"elementor-post__text\">\n\t\t\t\t<h3 class=\"elementor-post__title\">\n\t\t\t<a href=\"https:\/\/omrantrk.com\/fr\/linvestissement-immobilier-en-turquie-est-il-meilleur-qua-oman\/\" >\n\t\t\t\tL\u2019investissement immobilier en Turquie est-il meilleur qu\u2019\u00e0 Oman ?\t\t\t<\/a>\n\t\t<\/h3>\n\t\t\t\t<\/div>\n\t\t\t\t<div class=\"elementor-post__meta-data\">\n\t\t\t\t\t<span class=\"elementor-post-date\">\n\t\t\tavril 3, 2026\t\t<\/span>\n\t\t\t\t<span class=\"elementor-post-avatar\">\n\t\t\tAucun commentaire\t\t<\/span>\n\t\t\t\t<\/div>\n\t\t\t\t\t<\/div>\n\t\t<\/article>\n\t\t\t\t<article class=\"elementor-post elementor-grid-item post-30107 post type-post status-publish format-standard has-post-thumbnail hentry category-investissement\" role=\"listitem\">\n\t\t\t<div class=\"elementor-post__card\">\n\t\t\t\t<a class=\"elementor-post__thumbnail__link\" href=\"https:\/\/omrantrk.com\/fr\/pourquoi-yalova-est-elle-un-choix-intelligent-pour-vivre-en-toute-securite-pres-distanbul\/\" tabindex=\"-1\" ><div class=\"elementor-post__thumbnail\"><img alt=\"\" loading=\"lazy\" decoding=\"async\" width=\"300\" height=\"158\" src=\"https:\/\/omrantrk.com\/wp-content\/uploads\/2026\/04\/Why-Is-Yalova-a-Smart-Choice-for-Safe-Living-Near-Istanbul.webp\" class=\"attachment-medium size-medium wp-image-30099\" alt=\"\" \/><\/div><\/a>\n\t\t\t\t<div class=\"elementor-post__text\">\n\t\t\t\t<h3 class=\"elementor-post__title\">\n\t\t\t<a href=\"https:\/\/omrantrk.com\/fr\/pourquoi-yalova-est-elle-un-choix-intelligent-pour-vivre-en-toute-securite-pres-distanbul\/\" >\n\t\t\t\tPourquoi Yalova est-elle un choix intelligent pour vivre en toute s\u00e9curit\u00e9 pr\u00e8s d\u2019Istanbul ?\t\t\t<\/a>\n\t\t<\/h3>\n\t\t\t\t<\/div>\n\t\t\t\t<div class=\"elementor-post__meta-data\">\n\t\t\t\t\t<span class=\"elementor-post-date\">\n\t\t\tavril 1, 2026\t\t<\/span>\n\t\t\t\t<span class=\"elementor-post-avatar\">\n\t\t\tAucun commentaire\t\t<\/span>\n\t\t\t\t<\/div>\n\t\t\t\t\t<\/div>\n\t\t<\/article>\n\t\t\t\t<article class=\"elementor-post elementor-grid-item post-30062 post type-post status-publish format-standard has-post-thumbnail hentry category-investissement\" role=\"listitem\">\n\t\t\t<div class=\"elementor-post__card\">\n\t\t\t\t<a class=\"elementor-post__thumbnail__link\" href=\"https:\/\/omrantrk.com\/fr\/le-meilleur-pays-sur-pour-linvestissement-immobilier-au-moyen-orient-en-2026\/\" tabindex=\"-1\" ><div class=\"elementor-post__thumbnail\"><img alt=\"\" loading=\"lazy\" decoding=\"async\" width=\"300\" height=\"158\" src=\"https:\/\/omrantrk.com\/wp-content\/uploads\/2026\/03\/The-Safest-Country-for-Real-Estate-Investment-in-the-Middle-East-2026.webp\" class=\"attachment-medium size-medium wp-image-30057\" alt=\"\" \/><\/div><\/a>\n\t\t\t\t<div class=\"elementor-post__text\">\n\t\t\t\t<h3 class=\"elementor-post__title\">\n\t\t\t<a href=\"https:\/\/omrantrk.com\/fr\/le-meilleur-pays-sur-pour-linvestissement-immobilier-au-moyen-orient-en-2026\/\" >\n\t\t\t\tLe meilleur pays s\u00fbr pour l\u2019investissement immobilier au Moyen-Orient en 2026\t\t\t<\/a>\n\t\t<\/h3>\n\t\t\t\t<\/div>\n\t\t\t\t<div class=\"elementor-post__meta-data\">\n\t\t\t\t\t<span class=\"elementor-post-date\">\n\t\t\tmars 30, 2026\t\t<\/span>\n\t\t\t\t<span class=\"elementor-post-avatar\">\n\t\t\tAucun commentaire\t\t<\/span>\n\t\t\t\t<\/div>\n\t\t\t\t\t<\/div>\n\t\t<\/article>\n\t\t\t\t<\/div>\n\t\t\n\t\t\t\t<div class=\"e-load-more-anchor\" data-page=\"1\" data-max-page=\"27\" data-next-page=\"https:\/\/omrantrk.com\/fr\/wp-json\/wp\/v2\/pages\/21252\/page\/2\/\"><\/div>\n\t\t\t\t<nav class=\"elementor-pagination\" aria-label=\"Pagination\">\n\t\t\t<span class=\"page-numbers prev\">&laquo; Previous<\/span>\n<span aria-current=\"page\" class=\"page-numbers current\"><span class=\"elementor-screen-only\">Page<\/span>1<\/span>\n<a class=\"page-numbers\" href=\"https:\/\/omrantrk.com\/fr\/wp-json\/wp\/v2\/pages\/21252\/page\/2\/\"><span class=\"elementor-screen-only\">Page<\/span>2<\/a>\n<a class=\"page-numbers\" href=\"https:\/\/omrantrk.com\/fr\/wp-json\/wp\/v2\/pages\/21252\/page\/3\/\"><span class=\"elementor-screen-only\">Page<\/span>3<\/a>\n<span class=\"page-numbers dots\">\u2026<\/span>\n<a class=\"page-numbers\" href=\"https:\/\/omrantrk.com\/fr\/wp-json\/wp\/v2\/pages\/21252\/page\/27\/\"><span class=\"elementor-screen-only\">Page<\/span>27<\/a>\n<a class=\"page-numbers next\" href=\"https:\/\/omrantrk.com\/fr\/wp-json\/wp\/v2\/pages\/21252\/page\/2\/\">Next &raquo;<\/a>\t\t<\/nav>\n\t\t\t\t\t\t<\/div>\n\t\t\t\t<\/div>\n\t\t\t\t<\/div>\n\t\t<div class=\"elementor-element elementor-element-258ba94 e-con-full e-flex e-con e-child\" data-id=\"258ba94\" data-element_type=\"container\">\n\t\t\t\t<div class=\"elementor-element elementor-element-0cb41c5 elementor-widget elementor-widget-sidebar\" data-id=\"0cb41c5\" data-element_type=\"widget\" data-widget_type=\"sidebar.default\">\n\t\t\t\t\t<div id=\"block-5\" class=\"widget widget-wrap mb-4 p-4 widget_block\">\n<div class=\"wp-block-group\"><div class=\"wp-block-group__inner-container is-layout-flow wp-block-group-is-layout-flow\">\n<h2 class=\"wp-block-heading\">Archives<\/h2>\n\n\n<ul class=\"wp-block-archives-list wp-block-archives\">\t<li><a href='https:\/\/omrantrk.com\/fr\/2026\/04\/'>avril 2026<\/a><\/li>\n\t<li><a href='https:\/\/omrantrk.com\/fr\/2026\/03\/'>mars 2026<\/a><\/li>\n\t<li><a href='https:\/\/omrantrk.com\/fr\/2026\/02\/'>f\u00e9vrier 2026<\/a><\/li>\n\t<li><a href='https:\/\/omrantrk.com\/fr\/2026\/01\/'>janvier 2026<\/a><\/li>\n\t<li><a href='https:\/\/omrantrk.com\/fr\/2025\/12\/'>d\u00e9cembre 2025<\/a><\/li>\n\t<li><a href='https:\/\/omrantrk.com\/fr\/2025\/11\/'>novembre 2025<\/a><\/li>\n\t<li><a href='https:\/\/omrantrk.com\/fr\/2025\/10\/'>octobre 2025<\/a><\/li>\n\t<li><a href='https:\/\/omrantrk.com\/fr\/2025\/09\/'>septembre 2025<\/a><\/li>\n\t<li><a href='https:\/\/omrantrk.com\/fr\/2025\/07\/'>juillet 2025<\/a><\/li>\n<\/ul><\/div><\/div>\n<\/div><div id=\"block-6\" class=\"widget widget-wrap mb-4 p-4 widget_block\">\n<div class=\"wp-block-group\"><div class=\"wp-block-group__inner-container is-layout-flow wp-block-group-is-layout-flow\">\n<h2 class=\"wp-block-heading\">Cat\u00e9gories<\/h2>\n\n\n<ul class=\"wp-block-categories-list wp-block-categories\">\t<li class=\"cat-item cat-item-139\"><a href=\"https:\/\/omrantrk.com\/fr\/category\/investissement\/\">Investissement<\/a>\n<\/li>\n\t<li class=\"cat-item cat-item-93\"><a href=\"https:\/\/omrantrk.com\/fr\/category\/non-categorise\/\">Non cat\u00e9goris\u00e9<\/a>\n<\/li>\n\t<li class=\"cat-item cat-item-140\"><a href=\"https:\/\/omrantrk.com\/fr\/category\/nouvelles\/\">Nouvelles<\/a>\n<\/li>\n\t<li class=\"cat-item cat-item-141\"><a href=\"https:\/\/omrantrk.com\/fr\/category\/tourisme\/\">Tourisme<\/a>\n<\/li>\n<\/ul><\/div><\/div>\n<\/div><div id=\"block-7\" class=\"widget widget-wrap mb-4 p-4 widget_block widget_search\"><form role=\"search\" method=\"get\" action=\"https:\/\/omrantrk.com\/fr\/\" class=\"wp-block-search__button-outside wp-block-search__text-button alignleft wp-block-search\"    ><label class=\"wp-block-search__label screen-reader-text\" for=\"wp-block-search__input-1\" >Rechercher <\/label><div class=\"wp-block-search__inside-wrapper \"  style=\"width: 629px\"><input class=\"wp-block-search__input\" id=\"wp-block-search__input-1\" placeholder=\"Rechercher un blog\" value=\"\" type=\"search\" name=\"s\" required \/><button aria-label=\"Rechercher\" class=\"wp-block-search__button wp-element-button\" type=\"submit\" >Rechercher <\/button><\/div><\/form><\/div>\t\t\t\t<\/div>\n\t\t\t\t<\/div>\n\t\t\t\t\t<\/div>\n\t\t\t\t<\/div>\n\t\t\t\t<\/div>\n\t\t","protected":false},"excerpt":{"rendered":"","protected":false},"author":1,"featured_media":0,"parent":0,"menu_order":0,"comment_status":"closed","ping_status":"closed","template":"elementor_header_footer","meta":{"_seopress_robots_primary_cat":"","_seopress_titles_title":"","_seopress_titles_desc":"","_seopress_robots_index":"","footnotes":""},"class_list":["post-21252","page","type-page","status-publish","hentry"],"_hostinger_reach_plugin_has_subscription_block":false,"_hostinger_reach_plugin_is_elementor":false,"_links":{"self":[{"href":"https:\/\/omrantrk.com\/fr\/wp-json\/wp\/v2\/pages\/21252","targetHints":{"allow":["GET"]}}],"collection":[{"href":"https:\/\/omrantrk.com\/fr\/wp-json\/wp\/v2\/pages"}],"about":[{"href":"https:\/\/omrantrk.com\/fr\/wp-json\/wp\/v2\/types\/page"}],"author":[{"embeddable":true,"href":"https:\/\/omrantrk.com\/fr\/wp-json\/wp\/v2\/users\/1"}],"replies":[{"embeddable":true,"href":"https:\/\/omrantrk.com\/fr\/wp-json\/wp\/v2\/comments?post=21252"}],"version-history":[{"count":3,"href":"https:\/\/omrantrk.com\/fr\/wp-json\/wp\/v2\/pages\/21252\/revisions"}],"predecessor-version":[{"id":24003,"href":"https:\/\/omrantrk.com\/fr\/wp-json\/wp\/v2\/pages\/21252\/revisions\/24003"}],"wp:attachment":[{"href":"https:\/\/omrantrk.com\/fr\/wp-json\/wp\/v2\/media?parent=21252"}],"curies":[{"name":"wp","href":"https:\/\/api.w.org\/{rel}","templated":true}]}}