{"id":21255,"date":"2020-03-02T10:27:05","date_gmt":"2020-03-02T07:27:05","guid":{"rendered":"https:\/\/omrantrk.com\/%d8%a7%d8%aa%d8%b5%d9%84-%d8%a8%d9%86%d8%a7\/"},"modified":"2026-02-25T13:19:14","modified_gmt":"2026-02-25T10:19:14","slug":"%d8%a7%d8%aa%d8%b5%d9%84-%d8%a8%d9%86%d8%a7","status":"publish","type":"page","link":"https:\/\/omrantrk.com\/ar\/%d8%a7%d8%aa%d8%b5%d9%84-%d8%a8%d9%86%d8%a7\/","title":{"rendered":"\u0627\u062a\u0635\u0644 \u0628\u0646\u0627"},"content":{"rendered":"\t\t<div data-elementor-type=\"wp-page\" data-elementor-id=\"21255\" class=\"elementor elementor-21255 elementor-16941\" data-elementor-post-type=\"page\">\n\t\t\t\t<div class=\"elementor-element elementor-element-95ccc4d animated-slow e-flex e-con-boxed elementor-invisible e-con e-parent\" data-id=\"95ccc4d\" data-element_type=\"container\" data-settings=\"{&quot;background_background&quot;:&quot;classic&quot;,&quot;animation&quot;:&quot;fadeIn&quot;}\">\n\t\t\t\t\t<div class=\"e-con-inner\">\n\t\t<div class=\"elementor-element elementor-element-6ee8da0 e-con-full e-flex e-con e-child\" data-id=\"6ee8da0\" data-element_type=\"container\">\n\t\t\t\t<div class=\"elementor-element elementor-element-750f8d1 elementor-invisible elementor-widget elementor-widget-heading\" data-id=\"750f8d1\" data-element_type=\"widget\" data-settings=\"{&quot;_animation&quot;:&quot;fadeIn&quot;}\" data-widget_type=\"heading.default\">\n\t\t\t\t\t<h1 class=\"elementor-heading-title elementor-size-default\">\u0627\u062a\u0635\u0644 \u0628\u0646\u0627<\/h1>\t\t\t\t<\/div>\n\t\t\t\t<\/div>\n\t\t\t\t\t<\/div>\n\t\t\t\t<\/div>\n\t\t<div class=\"elementor-element elementor-element-1a9aa80 e-flex e-con-boxed e-con e-parent\" data-id=\"1a9aa80\" data-element_type=\"container\" data-settings=\"{&quot;background_background&quot;:&quot;classic&quot;}\">\n\t\t\t\t\t<div class=\"e-con-inner\">\n\t\t\t\t<div class=\"elementor-element elementor-element-193d52e elementor-widget elementor-widget-spacer\" data-id=\"193d52e\" data-element_type=\"widget\" data-widget_type=\"spacer.default\">\n\t\t\t\t\t\t\t<div class=\"elementor-spacer\">\n\t\t\t<div class=\"elementor-spacer-inner\"><\/div>\n\t\t<\/div>\n\t\t\t\t\t\t<\/div>\n\t\t\t\t<div class=\"elementor-element elementor-element-38ddaf5 elementor-button-align-stretch elementor-invisible elementor-widget elementor-widget-houzez_elementor_contact_form\" data-id=\"38ddaf5\" data-element_type=\"widget\" data-settings=\"{&quot;_animation&quot;:&quot;fadeInUp&quot;}\" data-widget_type=\"houzez_elementor_contact_form.default\">\n\t\t\t\t<div class=\"elementor-widget-container\">\n\t\t\t\t\t\n        <script type=\"application\/javascript\">\n            jQuery(document).bind(\"ready\", function () {\n                houzezValidateElementor(\"#houzez-form-38ddaf5\" );\n            });\n        <\/script>\n\n        <form class=\"elementor-form houzez-ele-form-js\" id=\"houzez-form-38ddaf5\" method=\"post\" name=\"\u0646\u0645\u0648\u0630\u062c \u062c\u062f\u064a\u062f\" action=\"https:\/\/omrantrk.com\/wp-admin\/admin-ajax.php\">\n            <input type=\"hidden\" name=\"form_id\" value=\"38ddaf5\"\/>\n            <input type=\"hidden\" name=\"houzez_contact_form\" value=\"yes\"\/>\n            <input type=\"hidden\" name=\"action\" value=\"houzez_ele_contact_form\" \/>\n            <input type=\"hidden\" name=\"source_link\" value=\"https:\/\/omrantrk.com\/ar\/%d8%a7%d8%aa%d8%b5%d9%84-%d8%a8%d9%86%d8%a7\/\" \/>\n            <input type=\"hidden\" name=\"lead_page_id\" value=\"21255\" \/>\n            <input type=\"hidden\" name=\"webhook\" value=\"false\" \/>\n            <input type=\"hidden\" name=\"webhook_url\" value=\"\" \/>\n            <input type=\"hidden\" name=\"redirect_to\" value=\"\" \/>\n            <input type=\"hidden\" name=\"google_recaptcha\" value=\"yes\" \/>\n            \n\n            <div class=\"elementor-form-fields-wrapper elementor-labels-above\">\n\n                                    <div class=\"elementor-field-group elementor-column form-group elementor-field-group-name elementor-col-50 elementor-field-required elementor-mark-required\">\n                    <label for=\"form-field-name\" class=\"form-label elementor-field-label\">\u0627\u0644\u0627\u0633\u0645 \u0627\u0644\u0623\u0648\u0644<\/label><input type=\"text\" name=\"first_name\" id=\"form-field-name\" class=\"elementor-field form-control elementor-size-sm elementor-field-textual\" placeholder=\"\u0623\u062f\u062e\u0644 \u0627\u0633\u0645\u0643\" title=\"* \u0627\u0644\u0627\u0633\u0645 \u0627\u0644\u0623\u0648\u0644\" required=\"required\">                    <\/div>\n\n                                        <div class=\"elementor-field-group elementor-column form-group elementor-field-group-bf18955 elementor-col-50 elementor-field-required elementor-mark-required\">\n                    <label for=\"form-field-bf18955\" class=\"form-label elementor-field-label\">\u0627\u0644\u0627\u0633\u0645 \u0627\u0644\u0639\u0627\u0626\u0644\u064a<\/label><input type=\"text\" name=\"last_name\" id=\"form-field-bf18955\" class=\"elementor-field form-control elementor-size-sm elementor-field-textual\" placeholder=\"\u0623\u062f\u062e\u0644 \u0627\u0633\u0645 \u0627\u0644\u0639\u0627\u0626\u0644\u0629\" title=\"* \u0627\u0644\u0627\u0633\u0645 \u0627\u0644\u0639\u0627\u0626\u0644\u064a\" required=\"required\">                    <\/div>\n\n                                        <div class=\"elementor-field-group elementor-column form-group elementor-field-group-email elementor-col-100 elementor-field-required elementor-mark-required\">\n                    <label for=\"form-field-email\" class=\"form-label elementor-field-label\">\u0627\u0644\u0628\u0631\u064a\u062f \u0627\u0644\u0625\u0644\u0643\u062a\u0631\u0648\u0646\u064a<\/label><input type=\"email\" name=\"email\" id=\"form-field-email\" class=\"elementor-field form-control elementor-size-sm elementor-field-textual\" placeholder=\"\u0627\u0644\u0628\u0631\u064a\u062f \u0627\u0644\u0625\u0644\u0643\u062a\u0631\u0648\u0646\u064a\" title=\"* \u0627\u0644\u0628\u0631\u064a\u062f \u0627\u0644\u0625\u0644\u0643\u062a\u0631\u0648\u0646\u064a\" required=\"required\">                    <\/div>\n\n                                        <div class=\"elementor-field-group elementor-column form-group elementor-field-group-message elementor-col-100 elementor-field-required elementor-mark-required\">\n                    <label for=\"form-field-message\" class=\"form-label elementor-field-label\">\u0627\u0644\u0631\u0633\u0627\u0644\u0629<\/label><textarea class=\"elementor-field-textual elementor-field elementor-size-sm\" name=\"message\" id=\"form-field-message\" rows=\"4\" placeholder=\"\u0627\u0644\u0631\u0633\u0627\u0644\u0629\" required=\"required\" title=\"* \u0627\u0644\u0631\u0633\u0627\u0644\u0629\"><\/textarea>                    <\/div>\n\n                    \n                    \n                    \n                    <div class=\"form-group elementor-field-group elementor-col-100\">\n                        <label class=\"control control--checkbox m-0 \">\n                                                        <input required type=\"checkbox\" name=\"gdpr_agreement\" id=\"gdpr_agreement\" aria-required=\"true\">\n                            <span class=\"control__indicator\"><\/span>\n                                                        <div class=\"gdpr-text-wrap\">\n                            \u0623\u0648\u0627\u0641\u0642 \u0639\u0644\u0649 \u0623\u0646 \u064a\u0642\u0648\u0645 \u0647\u0630\u0627 \u0627\u0644\u0645\u0648\u0642\u0639 \u0627\u0644\u0625\u0644\u0643\u062a\u0631\u0648\u0646\u064a \u0628\u062a\u062e\u0632\u064a\u0646 \u0645\u0639\u0644\u0648\u0645\u0627\u062a\u064a \u0627\u0644\u062a\u064a \u0623\u0631\u0633\u0644\u062a\u0647\u0627                            <\/div>\n                            \n                        <\/label>\n                    <\/div><!-- form-group -->\n                    \n                    \n                                        <div class=\"elementor-field-group \">\n                                            <\/div>\n                    \n                    <div class=\"elementor-field-group elementor-column elementor-field-type-submit elementor-col-100\">\n                    <button type=\"submit\" class=\"houzez-submit-button houzez-contact-form-js elementor-button elementor-size-sm\">\n                        <i class=\"houzez-loader-js houzez-hidden spinner-border spinner-border-sm\"><\/i>\n                                                    \u0625\u0631\u0633\u0627\u0644                                            <\/button>\n                <\/div>\n            <\/div><!-- End wrapper-->\n            <br\/>\n            <div class=\"ele-form-messages\"><\/div>\n            <div class=\"error-container\"><\/div>\n\n        <\/form>\n\n    \t\t\t\t<\/div>\n\t\t\t\t<\/div>\n\t\t\t\t<div class=\"elementor-element elementor-element-996c37f elementor-widget elementor-widget-spacer\" data-id=\"996c37f\" data-element_type=\"widget\" data-widget_type=\"spacer.default\">\n\t\t\t\t\t\t\t<div class=\"elementor-spacer\">\n\t\t\t<div class=\"elementor-spacer-inner\"><\/div>\n\t\t<\/div>\n\t\t\t\t\t\t<\/div>\n\t\t\t\t\t<\/div>\n\t\t\t\t<\/div>\n\t\t<div class=\"elementor-element elementor-element-35a3e4c e-flex e-con-boxed e-con e-parent\" data-id=\"35a3e4c\" data-element_type=\"container\">\n\t\t\t\t\t<div class=\"e-con-inner\">\n\t\t\t\t<div class=\"elementor-element elementor-element-dbd4376 elementor-widget elementor-widget-google_maps\" data-id=\"dbd4376\" data-element_type=\"widget\" data-widget_type=\"google_maps.default\">\n\t\t\t\t\t\t\t<div class=\"elementor-custom-embed\">\n\t\t\t<iframe loading=\"lazy\"\n\t\t\t\t\tsrc=\"https:\/\/maps.google.com\/maps?q=OmranTRK%20%C3%96zden%2C%20Ye%C5%9Fil%C4%B1rmak%20Sk.%2C%2077210%20Kad%C4%B1k%C3%B6y%2FYalova%20Merkez%2FYalova&#038;t=m&#038;z=15&#038;output=embed&#038;iwloc=near\"\n\t\t\t\t\ttitle=\"OmranTRK \u00d6zden, Ye\u015fil\u0131rmak Sk., 77210 Kad\u0131k\u00f6y\/Yalova Merkez\/Yalova\"\n\t\t\t\t\taria-label=\"OmranTRK \u00d6zden, Ye\u015fil\u0131rmak Sk., 77210 Kad\u0131k\u00f6y\/Yalova Merkez\/Yalova\"\n\t\t\t><\/iframe>\n\t\t<\/div>\n\t\t\t\t\t\t<\/div>\n\t\t\t\t\t<\/div>\n\t\t\t\t<\/div>\n\t\t\t\t<\/div>\n\t\t","protected":false},"excerpt":{"rendered":"<p>\u0627\u062a\u0635\u0644 \u0628\u0646\u0627 \u0627\u0644\u0627\u0633\u0645 \u0627\u0644\u0623\u0648\u0644 \u0627\u0644\u0627\u0633\u0645 \u0627\u0644\u0639\u0627\u0626\u0644\u064a \u0627\u0644\u0628\u0631\u064a\u062f \u0627\u0644\u0625\u0644\u0643\u062a\u0631\u0648\u0646\u064a \u0627\u0644\u0631\u0633\u0627\u0644\u0629 \u0623\u0648\u0627\u0641\u0642 \u0639\u0644\u0649 \u0623\u0646 \u064a\u0642\u0648\u0645 \u0647\u0630\u0627 \u0627\u0644\u0645\u0648\u0642\u0639 \u0627\u0644\u0625\u0644\u0643\u062a\u0631\u0648\u0646\u064a \u0628\u062a\u062e\u0632\u064a\u0646 \u0645\u0639\u0644\u0648\u0645\u0627\u062a\u064a \u0627\u0644\u062a\u064a \u0623\u0631\u0633\u0644\u062a\u0647\u0627 \u0625\u0631\u0633\u0627\u0644<\/p>\n","protected":false},"author":1,"featured_media":0,"parent":0,"menu_order":0,"comment_status":"closed","ping_status":"closed","template":"template\/template-homepage.php","meta":{"_seopress_robots_primary_cat":"","_seopress_titles_title":"","_seopress_titles_desc":"","_seopress_robots_index":"","footnotes":""},"class_list":["post-21255","page","type-page","status-publish","hentry"],"_hostinger_reach_plugin_has_subscription_block":false,"_hostinger_reach_plugin_is_elementor":false,"_links":{"self":[{"href":"https:\/\/omrantrk.com\/ar\/wp-json\/wp\/v2\/pages\/21255","targetHints":{"allow":["GET"]}}],"collection":[{"href":"https:\/\/omrantrk.com\/ar\/wp-json\/wp\/v2\/pages"}],"about":[{"href":"https:\/\/omrantrk.com\/ar\/wp-json\/wp\/v2\/types\/page"}],"author":[{"embeddable":true,"href":"https:\/\/omrantrk.com\/ar\/wp-json\/wp\/v2\/users\/1"}],"replies":[{"embeddable":true,"href":"https:\/\/omrantrk.com\/ar\/wp-json\/wp\/v2\/comments?post=21255"}],"version-history":[{"count":7,"href":"https:\/\/omrantrk.com\/ar\/wp-json\/wp\/v2\/pages\/21255\/revisions"}],"predecessor-version":[{"id":29685,"href":"https:\/\/omrantrk.com\/ar\/wp-json\/wp\/v2\/pages\/21255\/revisions\/29685"}],"wp:attachment":[{"href":"https:\/\/omrantrk.com\/ar\/wp-json\/wp\/v2\/media?parent=21255"}],"curies":[{"name":"wp","href":"https:\/\/api.w.org\/{rel}","templated":true}]}}